{"id":1319,"date":"2023-09-06T08:23:14","date_gmt":"2023-09-06T08:23:14","guid":{"rendered":"https:\/\/www.tochnitavern.com\/odkryj-wioske-tochni-mala-toskanie-na-cyprze\/"},"modified":"2024-07-31T17:59:26","modified_gmt":"2024-07-31T17:59:26","slug":"odkryj-wioske-tochni-mala-toskanie-na-cyprze","status":"publish","type":"page","link":"https:\/\/www.tochnitavern.com\/pl\/odkryj-wioske-tochni-mala-toskanie-na-cyprze\/","title":{"rendered":"Odkryj wiosk\u0119 Tochni &#8211; ma\u0142\u0105 Toskani\u0119 na Cyprze"},"content":{"rendered":"\t\t<div data-elementor-type=\"wp-page\" data-elementor-id=\"1319\" class=\"elementor elementor-1319 elementor-960\" data-elementor-post-type=\"page\">\n\t\t\t\t<div class=\"elementor-element elementor-element-6846a87a e-con-full e-flex e-con e-parent\" data-id=\"6846a87a\" data-element_type=\"container\" data-e-type=\"container\" data-settings=\"{&quot;background_background&quot;:&quot;classic&quot;}\">\n\t\t<div class=\"elementor-element elementor-element-1a9c04e7 e-con-full e-flex e-con e-child\" data-id=\"1a9c04e7\" data-element_type=\"container\" data-e-type=\"container\">\n\t\t\t\t<div class=\"elementor-element elementor-element-c441a21 elementor-widget elementor-widget-heading\" data-id=\"c441a21\" data-element_type=\"widget\" data-e-type=\"widget\" data-widget_type=\"heading.default\">\n\t\t\t\t<div class=\"elementor-widget-container\">\n\t\t\t\t\t<h2 class=\"elementor-heading-title elementor-size-default\">Odkryj Tochni,  <br>Ma\u0142a Toskania na Cyprze<\/h2>\t\t\t\t<\/div>\n\t\t\t\t<\/div>\n\t\t\t\t<div class=\"elementor-element elementor-element-3551f1de elementor-widget elementor-widget-heading\" data-id=\"3551f1de\" data-element_type=\"widget\" data-e-type=\"widget\" data-widget_type=\"heading.default\">\n\t\t\t\t<div class=\"elementor-widget-container\">\n\t\t\t\t\t<h3 class=\"elementor-heading-title elementor-size-default\">Wioska Tochni jest cz\u0119sto nazywana ma\u0142\u0105 Toskani\u0105 Cypru. Przeczytaj wi\u0119cej o wiosce poni\u017cej.<\/h3>\t\t\t\t<\/div>\n\t\t\t\t<\/div>\n\t\t\t\t<\/div>\n\t\t<div class=\"elementor-element elementor-element-2baf644 e-con-full e-flex e-con e-child\" data-id=\"2baf644\" data-element_type=\"container\" data-e-type=\"container\" data-settings=\"{&quot;background_background&quot;:&quot;classic&quot;}\">\n\t\t\t\t<\/div>\n\t\t\t\t<\/div>\n\t\t<div class=\"elementor-element elementor-element-25a0867e e-con-full e-flex e-con e-parent\" data-id=\"25a0867e\" data-element_type=\"container\" data-e-type=\"container\" data-settings=\"{&quot;background_background&quot;:&quot;classic&quot;}\">\n\t\t<div class=\"elementor-element elementor-element-192bea92 e-con-full e-flex e-con e-child\" data-id=\"192bea92\" data-element_type=\"container\" data-e-type=\"container\">\n\t\t\t\t<div class=\"elementor-element elementor-element-5b258b19 elementor-widget elementor-widget-heading\" data-id=\"5b258b19\" data-element_type=\"widget\" data-e-type=\"widget\" data-widget_type=\"heading.default\">\n\t\t\t\t<div class=\"elementor-widget-container\">\n\t\t\t\t\t<h2 class=\"elementor-heading-title elementor-size-default\">Tochni<\/h2>\t\t\t\t<\/div>\n\t\t\t\t<\/div>\n\t\t\t\t<div class=\"elementor-element elementor-element-5ce1008f elementor-widget elementor-widget-heading\" data-id=\"5ce1008f\" data-element_type=\"widget\" data-e-type=\"widget\" data-widget_type=\"heading.default\">\n\t\t\t\t<div class=\"elementor-widget-container\">\n\t\t\t\t\t<h3 class=\"elementor-heading-title elementor-size-default\">Ma\u0142a Toskania na Cyprze.<\/h3>\t\t\t\t<\/div>\n\t\t\t\t<\/div>\n\t\t\t\t<div class=\"elementor-element elementor-element-2fe989a elementor-widget elementor-widget-text-editor\" data-id=\"2fe989a\" data-element_type=\"widget\" data-e-type=\"widget\" data-widget_type=\"text-editor.default\">\n\t\t\t\t<div class=\"elementor-widget-container\">\n\t\t\t\t\t\t\t\t\t<p class=\"p1\">Po\u0142o\u017cona w samym sercu Cypru, urocza wioska Tochni kusi rustykalnym urokiem i \u015br\u00f3dziemnomorsk\u0105 magi\u0105. Tochni, cz\u0119sto nazywane &#8222;ma\u0142\u0105 Toskani\u0105 Cypru&#8221;, oczarowuje odwiedzaj\u0105cych falistymi wzg\u00f3rzami, kamiennymi domami o z\u0142otym odcieniu i spokojn\u0105 atmosfer\u0105, kt\u00f3ra przenosi w inny czas.<\/p>\n<p class=\"p1\">W\u0119druj\u0105c brukowanymi uliczkami Tochni, napotkasz malowniczy krajobraz, kt\u00f3ry odzwierciedla pi\u0119kno w\u0142oskiego regionu Toskanii. Drzewa oliwne szepcz\u0105 w delikatnej bryzie, a t\u0119tni\u0105ce \u017cyciem bugenwille maluj\u0105 wiosk\u0119 w \u017cywych kolorach. Wioska emanuje ponadczasowym urokiem, kt\u00f3ry urzeka podr\u00f3\u017cnych poszukuj\u0105cych autentycznych \u015br\u00f3dziemnomorskich wra\u017ce\u0144.<\/p>\n\t\t\t\t\t\t\t\t<\/div>\n\t\t\t\t<\/div>\n\t\t\t\t<div class=\"elementor-element elementor-element-4617fcc4 elementor-widget elementor-widget-image\" data-id=\"4617fcc4\" data-element_type=\"widget\" data-e-type=\"widget\" data-widget_type=\"image.default\">\n\t\t\t\t<div class=\"elementor-widget-container\">\n\t\t\t\t\t\t\t\t\t\t\t\t\t\t\t<img fetchpriority=\"high\" decoding=\"async\" width=\"800\" height=\"527\" src=\"https:\/\/www.tochnitavern.com\/wp-content\/uploads\/2023\/09\/Copy-of-_DCM2005-1024x674.jpg\" class=\"attachment-large size-large wp-image-1323\" alt=\"\" srcset=\"https:\/\/www.tochnitavern.com\/wp-content\/uploads\/2023\/09\/Copy-of-_DCM2005-1024x674.jpg 1024w, https:\/\/www.tochnitavern.com\/wp-content\/uploads\/2023\/09\/Copy-of-_DCM2005-300x198.jpg 300w, https:\/\/www.tochnitavern.com\/wp-content\/uploads\/2023\/09\/Copy-of-_DCM2005-768x506.jpg 768w, https:\/\/www.tochnitavern.com\/wp-content\/uploads\/2023\/09\/Copy-of-_DCM2005-1536x1011.jpg 1536w, https:\/\/www.tochnitavern.com\/wp-content\/uploads\/2023\/09\/Copy-of-_DCM2005-2048x1349.jpg 2048w, https:\/\/www.tochnitavern.com\/wp-content\/uploads\/2023\/09\/Copy-of-_DCM2005-600x395.jpg 600w\" sizes=\"(max-width: 800px) 100vw, 800px\" \/>\t\t\t\t\t\t\t\t\t\t\t\t\t\t\t<\/div>\n\t\t\t\t<\/div>\n\t\t\t\t<\/div>\n\t\t<div class=\"elementor-element elementor-element-7f8efc6 e-con-full e-flex e-con e-child\" data-id=\"7f8efc6\" data-element_type=\"container\" data-e-type=\"container\" data-settings=\"{&quot;background_background&quot;:&quot;classic&quot;}\">\n\t\t\t\t<\/div>\n\t\t\t\t<\/div>\n\t\t<div class=\"elementor-element elementor-element-ada19fc e-con-full e-flex e-con e-parent\" data-id=\"ada19fc\" data-element_type=\"container\" data-e-type=\"container\" data-settings=\"{&quot;background_background&quot;:&quot;classic&quot;}\">\n\t\t<div class=\"elementor-element elementor-element-2e5ad12 e-con-full e-flex e-con e-child\" data-id=\"2e5ad12\" data-element_type=\"container\" data-e-type=\"container\">\n\t\t\t\t<div class=\"elementor-element elementor-element-dddd855 elementor-widget elementor-widget-text-editor\" data-id=\"dddd855\" data-element_type=\"widget\" data-e-type=\"widget\" data-widget_type=\"text-editor.default\">\n\t\t\t\t<div class=\"elementor-widget-container\">\n\t\t\t\t\t\t\t\t\t<p class=\"p1\">Zabytkowa architektura Tochni, z jej mu\u015bni\u0119tymi s\u0142o\u0144cem fasadami i uroczymi dziedzi\u0144cami, zaprasza do odkrywania jej bogatego dziedzictwa. Odkryj ukryte skarby w rodzinnych restauracjach, takich jak Tochni Tavern i delektuj si\u0119 tradycyjn\u0105 cypryjsk\u0105 kuchni\u0105 oraz zanurz si\u0119 w ciep\u0142ej go\u015bcinno\u015bci mieszka\u0144c\u00f3w.<\/p>\n<p class=\"p1\">Gdy s\u0142o\u0144ce chowa si\u0119 za horyzontem, spokojna atmosfera Tochni nabiera romantycznego blasku. Rozgwie\u017cd\u017cone noce w tej ma\u0142ej Toskanii na Cyprze s\u0105 zaproszeniem do piel\u0119gnowania chwil spokoju i wi\u0119zi.<\/p>\n<p class=\"p1\">Niezale\u017cnie od tego, czy szukasz romantycznej ucieczki, przygody kulturalnej, czy po prostu smaku \u015br\u00f3dziemnomorskiego snu, Tochni wita Ci\u0119 z otwartymi ramionami. Do\u015bwiadcz uroku Cypru w tej idyllicznej wiosce &#8211; prawdziwym klejnocie w sercu rustykalnego pi\u0119kna wyspy.<\/p>\n\t\t\t\t\t\t\t\t<\/div>\n\t\t\t\t<\/div>\n\t\t\t\t<div class=\"elementor-element elementor-element-df6e990 elementor-widget elementor-widget-image\" data-id=\"df6e990\" data-element_type=\"widget\" data-e-type=\"widget\" data-widget_type=\"image.default\">\n\t\t\t\t<div class=\"elementor-widget-container\">\n\t\t\t\t\t\t\t\t\t\t\t\t\t\t\t<img decoding=\"async\" width=\"768\" height=\"1024\" src=\"https:\/\/www.tochnitavern.com\/wp-content\/uploads\/2023\/09\/cyprus-3426501_1920-768x1024.jpg\" class=\"attachment-medium_large size-medium_large wp-image-1332\" alt=\"\" srcset=\"https:\/\/www.tochnitavern.com\/wp-content\/uploads\/2023\/09\/cyprus-3426501_1920-768x1024.jpg 768w, https:\/\/www.tochnitavern.com\/wp-content\/uploads\/2023\/09\/cyprus-3426501_1920-225x300.jpg 225w, https:\/\/www.tochnitavern.com\/wp-content\/uploads\/2023\/09\/cyprus-3426501_1920-1152x1536.jpg 1152w, https:\/\/www.tochnitavern.com\/wp-content\/uploads\/2023\/09\/cyprus-3426501_1920-450x600.jpg 450w, https:\/\/www.tochnitavern.com\/wp-content\/uploads\/2023\/09\/cyprus-3426501_1920.jpg 1440w\" sizes=\"(max-width: 768px) 100vw, 768px\" \/>\t\t\t\t\t\t\t\t\t\t\t\t\t\t\t<\/div>\n\t\t\t\t<\/div>\n\t\t\t\t<\/div>\n\t\t<div class=\"elementor-element elementor-element-9491c32 e-con-full e-flex e-con e-child\" data-id=\"9491c32\" data-element_type=\"container\" data-e-type=\"container\" data-settings=\"{&quot;background_background&quot;:&quot;classic&quot;}\">\n\t\t\t\t<\/div>\n\t\t\t\t<\/div>\n\t\t<div class=\"elementor-element elementor-element-239574ad e-con-full e-flex e-con e-parent\" data-id=\"239574ad\" data-element_type=\"container\" data-e-type=\"container\" data-settings=\"{&quot;background_background&quot;:&quot;classic&quot;}\">\n\t\t<div class=\"elementor-element elementor-element-6daef7c0 e-con-full e-flex e-con e-child\" data-id=\"6daef7c0\" data-element_type=\"container\" data-e-type=\"container\" data-settings=\"{&quot;background_background&quot;:&quot;classic&quot;}\">\n\t\t\t\t<\/div>\n\t\t<div class=\"elementor-element elementor-element-5df318b3 e-con-full e-flex e-con e-child\" data-id=\"5df318b3\" data-element_type=\"container\" data-e-type=\"container\">\n\t\t<div class=\"elementor-element elementor-element-37ac552f e-con-full e-flex e-con e-child\" data-id=\"37ac552f\" data-element_type=\"container\" data-e-type=\"container\">\n\t\t\t\t<div class=\"elementor-element elementor-element-3ba8ddbb elementor-widget elementor-widget-heading\" data-id=\"3ba8ddbb\" data-element_type=\"widget\" data-e-type=\"widget\" data-widget_type=\"heading.default\">\n\t\t\t\t<div class=\"elementor-widget-container\">\n\t\t\t\t\t<h2 class=\"elementor-heading-title elementor-size-default\">Tawerna Tochni  <\/h2>\t\t\t\t<\/div>\n\t\t\t\t<\/div>\n\t\t\t\t<div class=\"elementor-element elementor-element-532e5d3a elementor-widget elementor-widget-text-editor\" data-id=\"532e5d3a\" data-element_type=\"widget\" data-e-type=\"widget\" data-widget_type=\"text-editor.default\">\n\t\t\t\t<div class=\"elementor-widget-container\">\n\t\t\t\t\t\t\t\t\t<p>Nasza rodzinna restauracja z widokiem na pi\u0119kn\u0105 wiosk\u0119 oferuje pyszne dania kuchni cypryjskiej i orze\u017awiaj\u0105ce napoje<\/p>\n\t\t\t\t\t\t\t\t<\/div>\n\t\t\t\t<\/div>\n\t\t\t\t<\/div>\n\t\t<div class=\"elementor-element elementor-element-2d150078 e-con-full e-flex e-con e-child\" data-id=\"2d150078\" data-element_type=\"container\" data-e-type=\"container\">\n\t\t\t\t<div class=\"elementor-element elementor-element-1d246cd5 elementor-tablet-align-justify elementor-mobile-align-justify elementor-widget-tablet__width-inherit elementor-align-justify elementor-widget__width-initial elementor-widget elementor-widget-button\" data-id=\"1d246cd5\" data-element_type=\"widget\" data-e-type=\"widget\" data-widget_type=\"button.default\">\n\t\t\t\t<div class=\"elementor-widget-container\">\n\t\t\t\t\t\t\t\t\t<div class=\"elementor-button-wrapper\">\n\t\t\t\t\t<a class=\"elementor-button elementor-button-link elementor-size-lg\" href=\"https:\/\/www.tochnitavern.com\/pl\/\">\n\t\t\t\t\t\t<span class=\"elementor-button-content-wrapper\">\n\t\t\t\t\t\t\t\t\t<span class=\"elementor-button-text\">Strona g\u0142\u00f3wna<\/span>\n\t\t\t\t\t<\/span>\n\t\t\t\t\t<\/a>\n\t\t\t\t<\/div>\n\t\t\t\t\t\t\t\t<\/div>\n\t\t\t\t<\/div>\n\t\t\t\t<div class=\"elementor-element elementor-element-2eadae3f elementor-tablet-align-justify elementor-mobile-align-justify elementor-widget-tablet__width-inherit elementor-align-justify elementor-widget__width-initial elementor-widget elementor-widget-button\" data-id=\"2eadae3f\" data-element_type=\"widget\" data-e-type=\"widget\" data-widget_type=\"button.default\">\n\t\t\t\t<div class=\"elementor-widget-container\">\n\t\t\t\t\t\t\t\t\t<div class=\"elementor-button-wrapper\">\n\t\t\t\t\t<a class=\"elementor-button elementor-button-link elementor-size-lg\" href=\"tel:0035799563299\">\n\t\t\t\t\t\t<span class=\"elementor-button-content-wrapper\">\n\t\t\t\t\t\t\t\t\t<span class=\"elementor-button-text\">Zadzwo\u0144 do nas!<\/span>\n\t\t\t\t\t<\/span>\n\t\t\t\t\t<\/a>\n\t\t\t\t<\/div>\n\t\t\t\t\t\t\t\t<\/div>\n\t\t\t\t<\/div>\n\t\t\t\t<\/div>\n\t\t\t\t<\/div>\n\t\t<div class=\"elementor-element elementor-element-74f6c231 e-con-full e-flex e-con e-child\" data-id=\"74f6c231\" data-element_type=\"container\" data-e-type=\"container\" data-settings=\"{&quot;background_background&quot;:&quot;classic&quot;}\">\n\t\t\t\t<\/div>\n\t\t\t\t<\/div>\n\t\t\t\t<\/div>\n\t\t","protected":false},"excerpt":{"rendered":"<p>Odkryj Tochni, Ma\u0142a Toskania na Cyprze Wioska Tochni jest cz\u0119sto nazywana ma\u0142\u0105 Toskani\u0105 Cypru. Przeczytaj wi\u0119cej o wiosce poni\u017cej. Tochni Ma\u0142a Toskania na Cyprze. Po\u0142o\u017cona w samym sercu Cypru, urocza wioska Tochni kusi rustykalnym urokiem i \u015br\u00f3dziemnomorsk\u0105 magi\u0105. Tochni, cz\u0119sto nazywane &#8222;ma\u0142\u0105 Toskani\u0105 Cypru&#8221;, oczarowuje odwiedzaj\u0105cych falistymi wzg\u00f3rzami, kamiennymi domami o z\u0142otym odcieniu i spokojn\u0105 [&hellip;]<\/p>\n","protected":false},"author":2,"featured_media":1329,"parent":0,"menu_order":0,"comment_status":"closed","ping_status":"closed","template":"","meta":{"footnotes":""},"class_list":["post-1319","page","type-page","status-publish","has-post-thumbnail","hentry"],"yoast_head":"<!-- This site is optimized with the Yoast SEO plugin v27.4 - https:\/\/yoast.com\/product\/yoast-seo-wordpress\/ -->\n<title>Odkryj wiosk\u0119 Tochni - ma\u0142\u0105 Toskani\u0119 na Cyprze - Tochni Tavern<\/title>\n<meta name=\"description\" content=\"Po\u0142o\u017cona w samym sercu Cypru, urocza wioska Tochni kusi rustykalnym urokiem i \u015br\u00f3dziemnomorsk\u0105 magi\u0105.\" \/>\n<meta name=\"robots\" content=\"index, follow, max-snippet:-1, max-image-preview:large, max-video-preview:-1\" \/>\n<link rel=\"canonical\" href=\"https:\/\/www.tochnitavern.com\/pl\/odkryj-wioske-tochni-mala-toskanie-na-cyprze\/\" \/>\n<meta property=\"og:locale\" content=\"pl_PL\" \/>\n<meta property=\"og:type\" content=\"article\" \/>\n<meta property=\"og:title\" content=\"Odkryj wiosk\u0119 Tochni - ma\u0142\u0105 Toskani\u0119 na Cyprze - Tochni Tavern\" \/>\n<meta property=\"og:description\" content=\"Po\u0142o\u017cona w samym sercu Cypru, urocza wioska Tochni kusi rustykalnym urokiem i \u015br\u00f3dziemnomorsk\u0105 magi\u0105.\" \/>\n<meta property=\"og:url\" content=\"https:\/\/www.tochnitavern.com\/pl\/odkryj-wioske-tochni-mala-toskanie-na-cyprze\/\" \/>\n<meta property=\"og:site_name\" content=\"Tochni Tavern\" \/>\n<meta property=\"article:publisher\" content=\"https:\/\/www.facebook.com\/CyprusVillages.TochniTaverna\/\" \/>\n<meta property=\"article:modified_time\" content=\"2024-07-31T17:59:26+00:00\" \/>\n<meta property=\"og:image\" content=\"https:\/\/www.tochnitavern.com\/wp-content\/uploads\/2023\/09\/DCM1890-3-scaled.jpg\" \/>\n\t<meta property=\"og:image:width\" content=\"2560\" \/>\n\t<meta property=\"og:image:height\" content=\"1639\" \/>\n\t<meta property=\"og:image:type\" content=\"image\/jpeg\" \/>\n<meta name=\"twitter:card\" content=\"summary_large_image\" \/>\n<meta name=\"twitter:label1\" content=\"Szacowany czas czytania\" \/>\n\t<meta name=\"twitter:data1\" content=\"1 minuta\" \/>\n<script type=\"application\/ld+json\" class=\"yoast-schema-graph\">{\"@context\":\"https:\\\/\\\/schema.org\",\"@graph\":[{\"@type\":\"WebPage\",\"@id\":\"https:\\\/\\\/www.tochnitavern.com\\\/pl\\\/odkryj-wioske-tochni-mala-toskanie-na-cyprze\\\/\",\"url\":\"https:\\\/\\\/www.tochnitavern.com\\\/pl\\\/odkryj-wioske-tochni-mala-toskanie-na-cyprze\\\/\",\"name\":\"Odkryj wiosk\u0119 Tochni - ma\u0142\u0105 Toskani\u0119 na Cyprze - Tochni Tavern\",\"isPartOf\":{\"@id\":\"https:\\\/\\\/www.tochnitavern.com\\\/pl\\\/#website\"},\"primaryImageOfPage\":{\"@id\":\"https:\\\/\\\/www.tochnitavern.com\\\/pl\\\/odkryj-wioske-tochni-mala-toskanie-na-cyprze\\\/#primaryimage\"},\"image\":{\"@id\":\"https:\\\/\\\/www.tochnitavern.com\\\/pl\\\/odkryj-wioske-tochni-mala-toskanie-na-cyprze\\\/#primaryimage\"},\"thumbnailUrl\":\"https:\\\/\\\/www.tochnitavern.com\\\/wp-content\\\/uploads\\\/2023\\\/09\\\/DCM1890-3-scaled.jpg\",\"datePublished\":\"2023-09-06T08:23:14+00:00\",\"dateModified\":\"2024-07-31T17:59:26+00:00\",\"description\":\"Po\u0142o\u017cona w samym sercu Cypru, urocza wioska Tochni kusi rustykalnym urokiem i \u015br\u00f3dziemnomorsk\u0105 magi\u0105.\",\"breadcrumb\":{\"@id\":\"https:\\\/\\\/www.tochnitavern.com\\\/pl\\\/odkryj-wioske-tochni-mala-toskanie-na-cyprze\\\/#breadcrumb\"},\"inLanguage\":\"pl-PL\",\"potentialAction\":[{\"@type\":\"ReadAction\",\"target\":[\"https:\\\/\\\/www.tochnitavern.com\\\/pl\\\/odkryj-wioske-tochni-mala-toskanie-na-cyprze\\\/\"]}]},{\"@type\":\"ImageObject\",\"inLanguage\":\"pl-PL\",\"@id\":\"https:\\\/\\\/www.tochnitavern.com\\\/pl\\\/odkryj-wioske-tochni-mala-toskanie-na-cyprze\\\/#primaryimage\",\"url\":\"https:\\\/\\\/www.tochnitavern.com\\\/wp-content\\\/uploads\\\/2023\\\/09\\\/DCM1890-3-scaled.jpg\",\"contentUrl\":\"https:\\\/\\\/www.tochnitavern.com\\\/wp-content\\\/uploads\\\/2023\\\/09\\\/DCM1890-3-scaled.jpg\",\"width\":2560,\"height\":1639},{\"@type\":\"BreadcrumbList\",\"@id\":\"https:\\\/\\\/www.tochnitavern.com\\\/pl\\\/odkryj-wioske-tochni-mala-toskanie-na-cyprze\\\/#breadcrumb\",\"itemListElement\":[{\"@type\":\"ListItem\",\"position\":1,\"name\":\"Home\",\"item\":\"https:\\\/\\\/www.tochnitavern.com\\\/pl\\\/dom\\\/\"},{\"@type\":\"ListItem\",\"position\":2,\"name\":\"Odkryj wiosk\u0119 Tochni &#8211; ma\u0142\u0105 Toskani\u0119 na Cyprze\"}]},{\"@type\":\"WebSite\",\"@id\":\"https:\\\/\\\/www.tochnitavern.com\\\/pl\\\/#website\",\"url\":\"https:\\\/\\\/www.tochnitavern.com\\\/pl\\\/\",\"name\":\"Tochni Tavern\",\"description\":\"Traditional Cypriot Cuisine with a Modern Approach\",\"publisher\":{\"@id\":\"https:\\\/\\\/www.tochnitavern.com\\\/pl\\\/#organization\"},\"potentialAction\":[{\"@type\":\"SearchAction\",\"target\":{\"@type\":\"EntryPoint\",\"urlTemplate\":\"https:\\\/\\\/www.tochnitavern.com\\\/pl\\\/?s={search_term_string}\"},\"query-input\":{\"@type\":\"PropertyValueSpecification\",\"valueRequired\":true,\"valueName\":\"search_term_string\"}}],\"inLanguage\":\"pl-PL\"},{\"@type\":\"Organization\",\"@id\":\"https:\\\/\\\/www.tochnitavern.com\\\/pl\\\/#organization\",\"name\":\"Tochni Tavern\",\"url\":\"https:\\\/\\\/www.tochnitavern.com\\\/pl\\\/\",\"logo\":{\"@type\":\"ImageObject\",\"inLanguage\":\"pl-PL\",\"@id\":\"https:\\\/\\\/www.tochnitavern.com\\\/pl\\\/#\\\/schema\\\/logo\\\/image\\\/\",\"url\":\"https:\\\/\\\/www.tochnitavern.com\\\/wp-content\\\/uploads\\\/2023\\\/05\\\/TOCHNI-TAVERN-4-e1684927601971.png\",\"contentUrl\":\"https:\\\/\\\/www.tochnitavern.com\\\/wp-content\\\/uploads\\\/2023\\\/05\\\/TOCHNI-TAVERN-4-e1684927601971.png\",\"width\":1563,\"height\":500,\"caption\":\"Tochni Tavern\"},\"image\":{\"@id\":\"https:\\\/\\\/www.tochnitavern.com\\\/pl\\\/#\\\/schema\\\/logo\\\/image\\\/\"},\"sameAs\":[\"https:\\\/\\\/www.facebook.com\\\/CyprusVillages.TochniTaverna\\\/\"]}]}<\/script>\n<!-- \/ Yoast SEO plugin. -->","yoast_head_json":{"title":"Odkryj wiosk\u0119 Tochni - ma\u0142\u0105 Toskani\u0119 na Cyprze - Tochni Tavern","description":"Po\u0142o\u017cona w samym sercu Cypru, urocza wioska Tochni kusi rustykalnym urokiem i \u015br\u00f3dziemnomorsk\u0105 magi\u0105.","robots":{"index":"index","follow":"follow","max-snippet":"max-snippet:-1","max-image-preview":"max-image-preview:large","max-video-preview":"max-video-preview:-1"},"canonical":"https:\/\/www.tochnitavern.com\/pl\/odkryj-wioske-tochni-mala-toskanie-na-cyprze\/","og_locale":"pl_PL","og_type":"article","og_title":"Odkryj wiosk\u0119 Tochni - ma\u0142\u0105 Toskani\u0119 na Cyprze - Tochni Tavern","og_description":"Po\u0142o\u017cona w samym sercu Cypru, urocza wioska Tochni kusi rustykalnym urokiem i \u015br\u00f3dziemnomorsk\u0105 magi\u0105.","og_url":"https:\/\/www.tochnitavern.com\/pl\/odkryj-wioske-tochni-mala-toskanie-na-cyprze\/","og_site_name":"Tochni Tavern","article_publisher":"https:\/\/www.facebook.com\/CyprusVillages.TochniTaverna\/","article_modified_time":"2024-07-31T17:59:26+00:00","og_image":[{"width":2560,"height":1639,"url":"https:\/\/www.tochnitavern.com\/wp-content\/uploads\/2023\/09\/DCM1890-3-scaled.jpg","type":"image\/jpeg"}],"twitter_card":"summary_large_image","twitter_misc":{"Szacowany czas czytania":"1 minuta"},"schema":{"@context":"https:\/\/schema.org","@graph":[{"@type":"WebPage","@id":"https:\/\/www.tochnitavern.com\/pl\/odkryj-wioske-tochni-mala-toskanie-na-cyprze\/","url":"https:\/\/www.tochnitavern.com\/pl\/odkryj-wioske-tochni-mala-toskanie-na-cyprze\/","name":"Odkryj wiosk\u0119 Tochni - ma\u0142\u0105 Toskani\u0119 na Cyprze - Tochni Tavern","isPartOf":{"@id":"https:\/\/www.tochnitavern.com\/pl\/#website"},"primaryImageOfPage":{"@id":"https:\/\/www.tochnitavern.com\/pl\/odkryj-wioske-tochni-mala-toskanie-na-cyprze\/#primaryimage"},"image":{"@id":"https:\/\/www.tochnitavern.com\/pl\/odkryj-wioske-tochni-mala-toskanie-na-cyprze\/#primaryimage"},"thumbnailUrl":"https:\/\/www.tochnitavern.com\/wp-content\/uploads\/2023\/09\/DCM1890-3-scaled.jpg","datePublished":"2023-09-06T08:23:14+00:00","dateModified":"2024-07-31T17:59:26+00:00","description":"Po\u0142o\u017cona w samym sercu Cypru, urocza wioska Tochni kusi rustykalnym urokiem i \u015br\u00f3dziemnomorsk\u0105 magi\u0105.","breadcrumb":{"@id":"https:\/\/www.tochnitavern.com\/pl\/odkryj-wioske-tochni-mala-toskanie-na-cyprze\/#breadcrumb"},"inLanguage":"pl-PL","potentialAction":[{"@type":"ReadAction","target":["https:\/\/www.tochnitavern.com\/pl\/odkryj-wioske-tochni-mala-toskanie-na-cyprze\/"]}]},{"@type":"ImageObject","inLanguage":"pl-PL","@id":"https:\/\/www.tochnitavern.com\/pl\/odkryj-wioske-tochni-mala-toskanie-na-cyprze\/#primaryimage","url":"https:\/\/www.tochnitavern.com\/wp-content\/uploads\/2023\/09\/DCM1890-3-scaled.jpg","contentUrl":"https:\/\/www.tochnitavern.com\/wp-content\/uploads\/2023\/09\/DCM1890-3-scaled.jpg","width":2560,"height":1639},{"@type":"BreadcrumbList","@id":"https:\/\/www.tochnitavern.com\/pl\/odkryj-wioske-tochni-mala-toskanie-na-cyprze\/#breadcrumb","itemListElement":[{"@type":"ListItem","position":1,"name":"Home","item":"https:\/\/www.tochnitavern.com\/pl\/dom\/"},{"@type":"ListItem","position":2,"name":"Odkryj wiosk\u0119 Tochni &#8211; ma\u0142\u0105 Toskani\u0119 na Cyprze"}]},{"@type":"WebSite","@id":"https:\/\/www.tochnitavern.com\/pl\/#website","url":"https:\/\/www.tochnitavern.com\/pl\/","name":"Tochni Tavern","description":"Traditional Cypriot Cuisine with a Modern Approach","publisher":{"@id":"https:\/\/www.tochnitavern.com\/pl\/#organization"},"potentialAction":[{"@type":"SearchAction","target":{"@type":"EntryPoint","urlTemplate":"https:\/\/www.tochnitavern.com\/pl\/?s={search_term_string}"},"query-input":{"@type":"PropertyValueSpecification","valueRequired":true,"valueName":"search_term_string"}}],"inLanguage":"pl-PL"},{"@type":"Organization","@id":"https:\/\/www.tochnitavern.com\/pl\/#organization","name":"Tochni Tavern","url":"https:\/\/www.tochnitavern.com\/pl\/","logo":{"@type":"ImageObject","inLanguage":"pl-PL","@id":"https:\/\/www.tochnitavern.com\/pl\/#\/schema\/logo\/image\/","url":"https:\/\/www.tochnitavern.com\/wp-content\/uploads\/2023\/05\/TOCHNI-TAVERN-4-e1684927601971.png","contentUrl":"https:\/\/www.tochnitavern.com\/wp-content\/uploads\/2023\/05\/TOCHNI-TAVERN-4-e1684927601971.png","width":1563,"height":500,"caption":"Tochni Tavern"},"image":{"@id":"https:\/\/www.tochnitavern.com\/pl\/#\/schema\/logo\/image\/"},"sameAs":["https:\/\/www.facebook.com\/CyprusVillages.TochniTaverna\/"]}]}},"_links":{"self":[{"href":"https:\/\/www.tochnitavern.com\/pl\/wp-json\/wp\/v2\/pages\/1319","targetHints":{"allow":["GET"]}}],"collection":[{"href":"https:\/\/www.tochnitavern.com\/pl\/wp-json\/wp\/v2\/pages"}],"about":[{"href":"https:\/\/www.tochnitavern.com\/pl\/wp-json\/wp\/v2\/types\/page"}],"author":[{"embeddable":true,"href":"https:\/\/www.tochnitavern.com\/pl\/wp-json\/wp\/v2\/users\/2"}],"replies":[{"embeddable":true,"href":"https:\/\/www.tochnitavern.com\/pl\/wp-json\/wp\/v2\/comments?post=1319"}],"version-history":[{"count":2,"href":"https:\/\/www.tochnitavern.com\/pl\/wp-json\/wp\/v2\/pages\/1319\/revisions"}],"predecessor-version":[{"id":1632,"href":"https:\/\/www.tochnitavern.com\/pl\/wp-json\/wp\/v2\/pages\/1319\/revisions\/1632"}],"wp:featuredmedia":[{"embeddable":true,"href":"https:\/\/www.tochnitavern.com\/pl\/wp-json\/wp\/v2\/media\/1329"}],"wp:attachment":[{"href":"https:\/\/www.tochnitavern.com\/pl\/wp-json\/wp\/v2\/media?parent=1319"}],"curies":[{"name":"wp","href":"https:\/\/api.w.org\/{rel}","templated":true}]}}