{"id":3341,"date":"2025-05-07T16:02:29","date_gmt":"2025-05-07T16:02:29","guid":{"rendered":"https:\/\/www.tochnitavern.com\/?page_id=3341"},"modified":"2026-02-19T13:43:38","modified_gmt":"2026-02-19T13:43:38","slug":"menu-de-la-taverne-tochni-2","status":"publish","type":"page","link":"https:\/\/www.tochnitavern.com\/fr\/menu-de-la-taverne-tochni-2\/","title":{"rendered":"Menu de la Taverne Tochni"},"content":{"rendered":"\t\t<div data-elementor-type=\"wp-page\" data-elementor-id=\"3341\" class=\"elementor elementor-3341 elementor-3338\" data-elementor-post-type=\"page\">\n\t\t\t\t<div class=\"elementor-element elementor-element-b373888 e-flex e-con-boxed e-con e-parent\" data-id=\"b373888\" data-element_type=\"container\" data-e-type=\"container\" data-settings=\"{&quot;background_background&quot;:&quot;classic&quot;}\">\n\t\t\t\t\t<div class=\"e-con-inner\">\n\t\t\t\t<div class=\"elementor-element elementor-element-f11b246 elementor-arrows-position-outside elementor-pagination-position-outside elementor-widget elementor-widget-image-carousel\" data-id=\"f11b246\" data-element_type=\"widget\" data-e-type=\"widget\" data-settings=\"{&quot;slides_to_show&quot;:&quot;2&quot;,&quot;speed&quot;:300,&quot;slides_to_show_tablet&quot;:&quot;1&quot;,&quot;image_spacing_custom&quot;:{&quot;unit&quot;:&quot;px&quot;,&quot;size&quot;:2,&quot;sizes&quot;:[]},&quot;navigation&quot;:&quot;both&quot;,&quot;infinite&quot;:&quot;yes&quot;,&quot;image_spacing_custom_laptop&quot;:{&quot;unit&quot;:&quot;px&quot;,&quot;size&quot;:&quot;&quot;,&quot;sizes&quot;:[]}}\" data-widget_type=\"image-carousel.default\">\n\t\t\t\t<div class=\"elementor-widget-container\">\n\t\t\t\t\t\t\t<div class=\"elementor-image-carousel-wrapper swiper\" role=\"region\" aria-roledescription=\"carousel\" aria-label=\"Image Carousel\" dir=\"ltr\">\n\t\t\t<div class=\"elementor-image-carousel swiper-wrapper swiper-image-stretch\" aria-live=\"polite\">\n\t\t\t\t\t\t\t\t<div class=\"swiper-slide\" role=\"group\" aria-roledescription=\"slide\" aria-label=\"1 sur 12\"><figure class=\"swiper-slide-inner\"><img decoding=\"async\" class=\"swiper-slide-image\" src=\"https:\/\/www.tochnitavern.com\/wp-content\/uploads\/2026\/02\/1-1325x2048.jpg\" alt=\"1\" \/><\/figure><\/div><div class=\"swiper-slide\" role=\"group\" aria-roledescription=\"slide\" aria-label=\"2 sur 12\"><figure class=\"swiper-slide-inner\"><img decoding=\"async\" class=\"swiper-slide-image\" src=\"https:\/\/www.tochnitavern.com\/wp-content\/uploads\/2026\/02\/2-1325x2048.jpg\" alt=\"2\" \/><\/figure><\/div><div class=\"swiper-slide\" role=\"group\" aria-roledescription=\"slide\" aria-label=\"3 sur 12\"><figure class=\"swiper-slide-inner\"><img decoding=\"async\" class=\"swiper-slide-image\" src=\"https:\/\/www.tochnitavern.com\/wp-content\/uploads\/2026\/02\/3-1325x2048.jpg\" alt=\"3\" \/><\/figure><\/div><div class=\"swiper-slide\" role=\"group\" aria-roledescription=\"slide\" aria-label=\"4 sur 12\"><figure class=\"swiper-slide-inner\"><img decoding=\"async\" class=\"swiper-slide-image\" src=\"https:\/\/www.tochnitavern.com\/wp-content\/uploads\/2026\/02\/4-1325x2048.jpg\" alt=\"4\" \/><\/figure><\/div><div class=\"swiper-slide\" role=\"group\" aria-roledescription=\"slide\" aria-label=\"5 sur 12\"><figure class=\"swiper-slide-inner\"><img decoding=\"async\" class=\"swiper-slide-image\" src=\"https:\/\/www.tochnitavern.com\/wp-content\/uploads\/2026\/02\/5-1325x2048.jpg\" alt=\"5\" \/><\/figure><\/div><div class=\"swiper-slide\" role=\"group\" aria-roledescription=\"slide\" aria-label=\"6 sur 12\"><figure class=\"swiper-slide-inner\"><img decoding=\"async\" class=\"swiper-slide-image\" src=\"https:\/\/www.tochnitavern.com\/wp-content\/uploads\/2026\/02\/6-1325x2048.jpg\" alt=\"6\" \/><\/figure><\/div><div class=\"swiper-slide\" role=\"group\" aria-roledescription=\"slide\" aria-label=\"7 sur 12\"><figure class=\"swiper-slide-inner\"><img decoding=\"async\" class=\"swiper-slide-image\" src=\"https:\/\/www.tochnitavern.com\/wp-content\/uploads\/2026\/02\/7-1325x2048.jpg\" alt=\"7\" \/><\/figure><\/div><div class=\"swiper-slide\" role=\"group\" aria-roledescription=\"slide\" aria-label=\"8 sur 12\"><figure class=\"swiper-slide-inner\"><img decoding=\"async\" class=\"swiper-slide-image\" src=\"https:\/\/www.tochnitavern.com\/wp-content\/uploads\/2026\/02\/8-1325x2048.jpg\" alt=\"8\" \/><\/figure><\/div><div class=\"swiper-slide\" role=\"group\" aria-roledescription=\"slide\" aria-label=\"9 sur 12\"><figure class=\"swiper-slide-inner\"><img decoding=\"async\" class=\"swiper-slide-image\" src=\"https:\/\/www.tochnitavern.com\/wp-content\/uploads\/2026\/02\/DESSERTS-2-1325x2048.jpg\" alt=\"DESSERTS (2)\" \/><\/figure><\/div><div class=\"swiper-slide\" role=\"group\" aria-roledescription=\"slide\" aria-label=\"10 sur 12\"><figure class=\"swiper-slide-inner\"><img decoding=\"async\" class=\"swiper-slide-image\" src=\"https:\/\/www.tochnitavern.com\/wp-content\/uploads\/2026\/02\/DESSERTS-1325x2048.jpg\" alt=\"DESSERTS\" \/><\/figure><\/div><div class=\"swiper-slide\" role=\"group\" aria-roledescription=\"slide\" aria-label=\"11 sur 12\"><figure class=\"swiper-slide-inner\"><img decoding=\"async\" class=\"swiper-slide-image\" src=\"https:\/\/www.tochnitavern.com\/wp-content\/uploads\/2026\/02\/NEW-2-1325x2048.jpg\" alt=\"NEW (2)\" \/><\/figure><\/div><div class=\"swiper-slide\" role=\"group\" aria-roledescription=\"slide\" aria-label=\"12 sur 12\"><figure class=\"swiper-slide-inner\"><img decoding=\"async\" class=\"swiper-slide-image\" src=\"https:\/\/www.tochnitavern.com\/wp-content\/uploads\/2026\/02\/NEW-1325x2048.jpg\" alt=\"NEW\" \/><\/figure><\/div>\t\t\t<\/div>\n\t\t\t\t\t\t\t\t\t\t\t\t<div class=\"elementor-swiper-button elementor-swiper-button-prev\" role=\"button\" tabindex=\"0\">\n\t\t\t\t\t\t<i aria-hidden=\"true\" class=\"eicon-chevron-left\"><\/i>\t\t\t\t\t<\/div>\n\t\t\t\t\t<div class=\"elementor-swiper-button elementor-swiper-button-next\" role=\"button\" tabindex=\"0\">\n\t\t\t\t\t\t<i aria-hidden=\"true\" class=\"eicon-chevron-right\"><\/i>\t\t\t\t\t<\/div>\n\t\t\t\t\n\t\t\t\t\t\t\t\t\t<div class=\"swiper-pagination\"><\/div>\n\t\t\t\t\t\t\t\t\t<\/div>\n\t\t\t\t\t\t<\/div>\n\t\t\t\t<\/div>\n\t\t\t\t\t<\/div>\n\t\t\t\t<\/div>\n\t\t\t\t<\/div>\n\t\t","protected":false},"excerpt":{"rendered":"<p>Menu de la Taverne Tochni<\/p>\n","protected":false},"author":2,"featured_media":3223,"parent":0,"menu_order":0,"comment_status":"closed","ping_status":"closed","template":"","meta":{"footnotes":""},"class_list":["post-3341","page","type-page","status-publish","has-post-thumbnail","hentry"],"yoast_head":"<!-- This site is optimized with the Yoast SEO plugin v27.4 - https:\/\/yoast.com\/product\/yoast-seo-wordpress\/ -->\n<title>Menu de la Taverne Tochni<\/title>\n<meta name=\"description\" content=\"Bienvenue \u00e0 la Taverne Tochni, o\u00f9 chaque client fait partie de la famille. Consultez notre menu et venez d\u00e9couvrir la cuisine chypriote.\" \/>\n<meta name=\"robots\" content=\"index, follow, max-snippet:-1, max-image-preview:large, max-video-preview:-1\" \/>\n<link rel=\"canonical\" href=\"https:\/\/www.tochnitavern.com\/fr\/menu-de-la-taverne-tochni-2\/\" \/>\n<meta property=\"og:locale\" content=\"fr_FR\" \/>\n<meta property=\"og:type\" content=\"article\" \/>\n<meta property=\"og:title\" content=\"Menu de la Taverne Tochni\" \/>\n<meta property=\"og:description\" content=\"Bienvenue \u00e0 la Taverne Tochni, o\u00f9 chaque client fait partie de la famille. Consultez notre menu et venez d\u00e9couvrir la cuisine chypriote.\" \/>\n<meta property=\"og:url\" content=\"https:\/\/www.tochnitavern.com\/fr\/menu-de-la-taverne-tochni-2\/\" \/>\n<meta property=\"og:site_name\" content=\"Tochni Tavern\" \/>\n<meta property=\"article:publisher\" content=\"https:\/\/www.facebook.com\/CyprusVillages.TochniTaverna\/\" \/>\n<meta property=\"article:modified_time\" content=\"2026-02-19T13:43:38+00:00\" \/>\n<meta property=\"og:image\" content=\"https:\/\/www.tochnitavern.com\/wp-content\/uploads\/2025\/05\/Tochni-Tavern-Menu_2025_page-0001.jpg\" \/>\n\t<meta property=\"og:image:width\" content=\"1650\" \/>\n\t<meta property=\"og:image:height\" content=\"2550\" \/>\n\t<meta property=\"og:image:type\" content=\"image\/jpeg\" \/>\n<meta name=\"twitter:card\" content=\"summary_large_image\" \/>\n<script type=\"application\/ld+json\" class=\"yoast-schema-graph\">{\"@context\":\"https:\\\/\\\/schema.org\",\"@graph\":[{\"@type\":\"WebPage\",\"@id\":\"https:\\\/\\\/www.tochnitavern.com\\\/fr\\\/menu-de-la-taverne-tochni-2\\\/\",\"url\":\"https:\\\/\\\/www.tochnitavern.com\\\/fr\\\/menu-de-la-taverne-tochni-2\\\/\",\"name\":\"Menu de la Taverne Tochni\",\"isPartOf\":{\"@id\":\"https:\\\/\\\/www.tochnitavern.com\\\/fr\\\/#website\"},\"primaryImageOfPage\":{\"@id\":\"https:\\\/\\\/www.tochnitavern.com\\\/fr\\\/menu-de-la-taverne-tochni-2\\\/#primaryimage\"},\"image\":{\"@id\":\"https:\\\/\\\/www.tochnitavern.com\\\/fr\\\/menu-de-la-taverne-tochni-2\\\/#primaryimage\"},\"thumbnailUrl\":\"https:\\\/\\\/www.tochnitavern.com\\\/wp-content\\\/uploads\\\/2025\\\/05\\\/Tochni-Tavern-Menu_2025_page-0001.jpg\",\"datePublished\":\"2025-05-07T16:02:29+00:00\",\"dateModified\":\"2026-02-19T13:43:38+00:00\",\"description\":\"Bienvenue \u00e0 la Taverne Tochni, o\u00f9 chaque client fait partie de la famille. Consultez notre menu et venez d\u00e9couvrir la cuisine chypriote.\",\"breadcrumb\":{\"@id\":\"https:\\\/\\\/www.tochnitavern.com\\\/fr\\\/menu-de-la-taverne-tochni-2\\\/#breadcrumb\"},\"inLanguage\":\"fr-FR\",\"potentialAction\":[{\"@type\":\"ReadAction\",\"target\":[\"https:\\\/\\\/www.tochnitavern.com\\\/fr\\\/menu-de-la-taverne-tochni-2\\\/\"]}]},{\"@type\":\"ImageObject\",\"inLanguage\":\"fr-FR\",\"@id\":\"https:\\\/\\\/www.tochnitavern.com\\\/fr\\\/menu-de-la-taverne-tochni-2\\\/#primaryimage\",\"url\":\"https:\\\/\\\/www.tochnitavern.com\\\/wp-content\\\/uploads\\\/2025\\\/05\\\/Tochni-Tavern-Menu_2025_page-0001.jpg\",\"contentUrl\":\"https:\\\/\\\/www.tochnitavern.com\\\/wp-content\\\/uploads\\\/2025\\\/05\\\/Tochni-Tavern-Menu_2025_page-0001.jpg\",\"width\":1650,\"height\":2550},{\"@type\":\"BreadcrumbList\",\"@id\":\"https:\\\/\\\/www.tochnitavern.com\\\/fr\\\/menu-de-la-taverne-tochni-2\\\/#breadcrumb\",\"itemListElement\":[{\"@type\":\"ListItem\",\"position\":1,\"name\":\"Home\",\"item\":\"https:\\\/\\\/www.tochnitavern.com\\\/fr\\\/accueil\\\/\"},{\"@type\":\"ListItem\",\"position\":2,\"name\":\"Menu de la Taverne Tochni\"}]},{\"@type\":\"WebSite\",\"@id\":\"https:\\\/\\\/www.tochnitavern.com\\\/fr\\\/#website\",\"url\":\"https:\\\/\\\/www.tochnitavern.com\\\/fr\\\/\",\"name\":\"Tochni Tavern\",\"description\":\"Traditional Cypriot Cuisine with a Modern Approach\",\"publisher\":{\"@id\":\"https:\\\/\\\/www.tochnitavern.com\\\/fr\\\/#organization\"},\"potentialAction\":[{\"@type\":\"SearchAction\",\"target\":{\"@type\":\"EntryPoint\",\"urlTemplate\":\"https:\\\/\\\/www.tochnitavern.com\\\/fr\\\/?s={search_term_string}\"},\"query-input\":{\"@type\":\"PropertyValueSpecification\",\"valueRequired\":true,\"valueName\":\"search_term_string\"}}],\"inLanguage\":\"fr-FR\"},{\"@type\":\"Organization\",\"@id\":\"https:\\\/\\\/www.tochnitavern.com\\\/fr\\\/#organization\",\"name\":\"Tochni Tavern\",\"url\":\"https:\\\/\\\/www.tochnitavern.com\\\/fr\\\/\",\"logo\":{\"@type\":\"ImageObject\",\"inLanguage\":\"fr-FR\",\"@id\":\"https:\\\/\\\/www.tochnitavern.com\\\/fr\\\/#\\\/schema\\\/logo\\\/image\\\/\",\"url\":\"https:\\\/\\\/www.tochnitavern.com\\\/wp-content\\\/uploads\\\/2023\\\/05\\\/TOCHNI-TAVERN-4-e1684927601971.png\",\"contentUrl\":\"https:\\\/\\\/www.tochnitavern.com\\\/wp-content\\\/uploads\\\/2023\\\/05\\\/TOCHNI-TAVERN-4-e1684927601971.png\",\"width\":1563,\"height\":500,\"caption\":\"Tochni Tavern\"},\"image\":{\"@id\":\"https:\\\/\\\/www.tochnitavern.com\\\/fr\\\/#\\\/schema\\\/logo\\\/image\\\/\"},\"sameAs\":[\"https:\\\/\\\/www.facebook.com\\\/CyprusVillages.TochniTaverna\\\/\"]}]}<\/script>\n<!-- \/ Yoast SEO plugin. -->","yoast_head_json":{"title":"Menu de la Taverne Tochni","description":"Bienvenue \u00e0 la Taverne Tochni, o\u00f9 chaque client fait partie de la famille. Consultez notre menu et venez d\u00e9couvrir la cuisine chypriote.","robots":{"index":"index","follow":"follow","max-snippet":"max-snippet:-1","max-image-preview":"max-image-preview:large","max-video-preview":"max-video-preview:-1"},"canonical":"https:\/\/www.tochnitavern.com\/fr\/menu-de-la-taverne-tochni-2\/","og_locale":"fr_FR","og_type":"article","og_title":"Menu de la Taverne Tochni","og_description":"Bienvenue \u00e0 la Taverne Tochni, o\u00f9 chaque client fait partie de la famille. Consultez notre menu et venez d\u00e9couvrir la cuisine chypriote.","og_url":"https:\/\/www.tochnitavern.com\/fr\/menu-de-la-taverne-tochni-2\/","og_site_name":"Tochni Tavern","article_publisher":"https:\/\/www.facebook.com\/CyprusVillages.TochniTaverna\/","article_modified_time":"2026-02-19T13:43:38+00:00","og_image":[{"width":1650,"height":2550,"url":"https:\/\/www.tochnitavern.com\/wp-content\/uploads\/2025\/05\/Tochni-Tavern-Menu_2025_page-0001.jpg","type":"image\/jpeg"}],"twitter_card":"summary_large_image","schema":{"@context":"https:\/\/schema.org","@graph":[{"@type":"WebPage","@id":"https:\/\/www.tochnitavern.com\/fr\/menu-de-la-taverne-tochni-2\/","url":"https:\/\/www.tochnitavern.com\/fr\/menu-de-la-taverne-tochni-2\/","name":"Menu de la Taverne Tochni","isPartOf":{"@id":"https:\/\/www.tochnitavern.com\/fr\/#website"},"primaryImageOfPage":{"@id":"https:\/\/www.tochnitavern.com\/fr\/menu-de-la-taverne-tochni-2\/#primaryimage"},"image":{"@id":"https:\/\/www.tochnitavern.com\/fr\/menu-de-la-taverne-tochni-2\/#primaryimage"},"thumbnailUrl":"https:\/\/www.tochnitavern.com\/wp-content\/uploads\/2025\/05\/Tochni-Tavern-Menu_2025_page-0001.jpg","datePublished":"2025-05-07T16:02:29+00:00","dateModified":"2026-02-19T13:43:38+00:00","description":"Bienvenue \u00e0 la Taverne Tochni, o\u00f9 chaque client fait partie de la famille. Consultez notre menu et venez d\u00e9couvrir la cuisine chypriote.","breadcrumb":{"@id":"https:\/\/www.tochnitavern.com\/fr\/menu-de-la-taverne-tochni-2\/#breadcrumb"},"inLanguage":"fr-FR","potentialAction":[{"@type":"ReadAction","target":["https:\/\/www.tochnitavern.com\/fr\/menu-de-la-taverne-tochni-2\/"]}]},{"@type":"ImageObject","inLanguage":"fr-FR","@id":"https:\/\/www.tochnitavern.com\/fr\/menu-de-la-taverne-tochni-2\/#primaryimage","url":"https:\/\/www.tochnitavern.com\/wp-content\/uploads\/2025\/05\/Tochni-Tavern-Menu_2025_page-0001.jpg","contentUrl":"https:\/\/www.tochnitavern.com\/wp-content\/uploads\/2025\/05\/Tochni-Tavern-Menu_2025_page-0001.jpg","width":1650,"height":2550},{"@type":"BreadcrumbList","@id":"https:\/\/www.tochnitavern.com\/fr\/menu-de-la-taverne-tochni-2\/#breadcrumb","itemListElement":[{"@type":"ListItem","position":1,"name":"Home","item":"https:\/\/www.tochnitavern.com\/fr\/accueil\/"},{"@type":"ListItem","position":2,"name":"Menu de la Taverne Tochni"}]},{"@type":"WebSite","@id":"https:\/\/www.tochnitavern.com\/fr\/#website","url":"https:\/\/www.tochnitavern.com\/fr\/","name":"Tochni Tavern","description":"Traditional Cypriot Cuisine with a Modern Approach","publisher":{"@id":"https:\/\/www.tochnitavern.com\/fr\/#organization"},"potentialAction":[{"@type":"SearchAction","target":{"@type":"EntryPoint","urlTemplate":"https:\/\/www.tochnitavern.com\/fr\/?s={search_term_string}"},"query-input":{"@type":"PropertyValueSpecification","valueRequired":true,"valueName":"search_term_string"}}],"inLanguage":"fr-FR"},{"@type":"Organization","@id":"https:\/\/www.tochnitavern.com\/fr\/#organization","name":"Tochni Tavern","url":"https:\/\/www.tochnitavern.com\/fr\/","logo":{"@type":"ImageObject","inLanguage":"fr-FR","@id":"https:\/\/www.tochnitavern.com\/fr\/#\/schema\/logo\/image\/","url":"https:\/\/www.tochnitavern.com\/wp-content\/uploads\/2023\/05\/TOCHNI-TAVERN-4-e1684927601971.png","contentUrl":"https:\/\/www.tochnitavern.com\/wp-content\/uploads\/2023\/05\/TOCHNI-TAVERN-4-e1684927601971.png","width":1563,"height":500,"caption":"Tochni Tavern"},"image":{"@id":"https:\/\/www.tochnitavern.com\/fr\/#\/schema\/logo\/image\/"},"sameAs":["https:\/\/www.facebook.com\/CyprusVillages.TochniTaverna\/"]}]}},"_links":{"self":[{"href":"https:\/\/www.tochnitavern.com\/fr\/wp-json\/wp\/v2\/pages\/3341","targetHints":{"allow":["GET"]}}],"collection":[{"href":"https:\/\/www.tochnitavern.com\/fr\/wp-json\/wp\/v2\/pages"}],"about":[{"href":"https:\/\/www.tochnitavern.com\/fr\/wp-json\/wp\/v2\/types\/page"}],"author":[{"embeddable":true,"href":"https:\/\/www.tochnitavern.com\/fr\/wp-json\/wp\/v2\/users\/2"}],"replies":[{"embeddable":true,"href":"https:\/\/www.tochnitavern.com\/fr\/wp-json\/wp\/v2\/comments?post=3341"}],"version-history":[{"count":6,"href":"https:\/\/www.tochnitavern.com\/fr\/wp-json\/wp\/v2\/pages\/3341\/revisions"}],"predecessor-version":[{"id":4385,"href":"https:\/\/www.tochnitavern.com\/fr\/wp-json\/wp\/v2\/pages\/3341\/revisions\/4385"}],"wp:featuredmedia":[{"embeddable":true,"href":"https:\/\/www.tochnitavern.com\/fr\/wp-json\/wp\/v2\/media\/3223"}],"wp:attachment":[{"href":"https:\/\/www.tochnitavern.com\/fr\/wp-json\/wp\/v2\/media?parent=3341"}],"curies":[{"name":"wp","href":"https:\/\/api.w.org\/{rel}","templated":true}]}}