{"id":1301,"date":"2023-09-06T08:23:14","date_gmt":"2023-09-06T08:23:14","guid":{"rendered":"https:\/\/www.tochnitavern.com\/decouvrez-le-village-de-tochni-la-petite-toscane-de-chypre\/"},"modified":"2024-07-31T17:59:26","modified_gmt":"2024-07-31T17:59:26","slug":"decouvrez-le-village-de-tochni-la-petite-toscane-de-chypre","status":"publish","type":"page","link":"https:\/\/www.tochnitavern.com\/fr\/decouvrez-le-village-de-tochni-la-petite-toscane-de-chypre\/","title":{"rendered":"D\u00e9couvrez le village de Tochni &#8211; La petite Toscane de Chypre"},"content":{"rendered":"\t\t<div data-elementor-type=\"wp-page\" data-elementor-id=\"1301\" class=\"elementor elementor-1301 elementor-960\" data-elementor-post-type=\"page\">\n\t\t\t\t<div class=\"elementor-element elementor-element-6846a87a e-con-full e-flex e-con e-parent\" data-id=\"6846a87a\" data-element_type=\"container\" data-e-type=\"container\" data-settings=\"{&quot;background_background&quot;:&quot;classic&quot;}\">\n\t\t<div class=\"elementor-element elementor-element-1a9c04e7 e-con-full e-flex e-con e-child\" data-id=\"1a9c04e7\" data-element_type=\"container\" data-e-type=\"container\">\n\t\t\t\t<div class=\"elementor-element elementor-element-c441a21 elementor-widget elementor-widget-heading\" data-id=\"c441a21\" data-element_type=\"widget\" data-e-type=\"widget\" data-widget_type=\"heading.default\">\n\t\t\t\t<div class=\"elementor-widget-container\">\n\t\t\t\t\t<h2 class=\"elementor-heading-title elementor-size-default\">D\u00e9couvrez Tochni,  <br>La petite Toscane de Chypre<\/h2>\t\t\t\t<\/div>\n\t\t\t\t<\/div>\n\t\t\t\t<div class=\"elementor-element elementor-element-3551f1de elementor-widget elementor-widget-heading\" data-id=\"3551f1de\" data-element_type=\"widget\" data-e-type=\"widget\" data-widget_type=\"heading.default\">\n\t\t\t\t<div class=\"elementor-widget-container\">\n\t\t\t\t\t<h3 class=\"elementor-heading-title elementor-size-default\">Le village de Tochni est souvent consid\u00e9r\u00e9 comme la petite Toscane de Chypre. Vous trouverez plus d'informations sur le village ci-dessous.<\/h3>\t\t\t\t<\/div>\n\t\t\t\t<\/div>\n\t\t\t\t<\/div>\n\t\t<div class=\"elementor-element elementor-element-2baf644 e-con-full e-flex e-con e-child\" data-id=\"2baf644\" data-element_type=\"container\" data-e-type=\"container\" data-settings=\"{&quot;background_background&quot;:&quot;classic&quot;}\">\n\t\t\t\t<\/div>\n\t\t\t\t<\/div>\n\t\t<div class=\"elementor-element elementor-element-25a0867e e-con-full e-flex e-con e-parent\" data-id=\"25a0867e\" data-element_type=\"container\" data-e-type=\"container\" data-settings=\"{&quot;background_background&quot;:&quot;classic&quot;}\">\n\t\t<div class=\"elementor-element elementor-element-192bea92 e-con-full e-flex e-con e-child\" data-id=\"192bea92\" data-element_type=\"container\" data-e-type=\"container\">\n\t\t\t\t<div class=\"elementor-element elementor-element-5b258b19 elementor-widget elementor-widget-heading\" data-id=\"5b258b19\" data-element_type=\"widget\" data-e-type=\"widget\" data-widget_type=\"heading.default\">\n\t\t\t\t<div class=\"elementor-widget-container\">\n\t\t\t\t\t<h2 class=\"elementor-heading-title elementor-size-default\">Tochni<\/h2>\t\t\t\t<\/div>\n\t\t\t\t<\/div>\n\t\t\t\t<div class=\"elementor-element elementor-element-5ce1008f elementor-widget elementor-widget-heading\" data-id=\"5ce1008f\" data-element_type=\"widget\" data-e-type=\"widget\" data-widget_type=\"heading.default\">\n\t\t\t\t<div class=\"elementor-widget-container\">\n\t\t\t\t\t<h3 class=\"elementor-heading-title elementor-size-default\">La petite Toscane de Chypre.<\/h3>\t\t\t\t<\/div>\n\t\t\t\t<\/div>\n\t\t\t\t<div class=\"elementor-element elementor-element-2fe989a elementor-widget elementor-widget-text-editor\" data-id=\"2fe989a\" data-element_type=\"widget\" data-e-type=\"widget\" data-widget_type=\"text-editor.default\">\n\t\t\t\t<div class=\"elementor-widget-container\">\n\t\t\t\t\t\t\t\t\t<p class=\"p1\">Nich\u00e9 au c\u0153ur de Chypre, le charmant village de Tochni vous s\u00e9duira par son allure rustique et sa magie m\u00e9diterran\u00e9enne. Souvent surnomm\u00e9e la \u00ab\u00a0petite Toscane de Chypre\u00a0\u00bb, Tochni enchante les visiteurs avec ses collines ondulantes, ses maisons en pierre de couleur dor\u00e9e et une ambiance sereine qui vous transporte dans un autre temps.<\/p>\n<p class=\"p1\">En vous promenant dans les rues pav\u00e9es de Tochni, vous d\u00e9couvrirez un paysage pittoresque qui refl\u00e8te la beaut\u00e9 de la r\u00e9gion de Toscane en Italie. Les oliviers murmurent dans la brise l\u00e9g\u00e8re et les bougainvilliers colorent le village de couleurs vives. Le village d\u00e9gage un charme intemporel qui s\u00e9duit les voyageurs \u00e0 la recherche d&rsquo;une exp\u00e9rience m\u00e9diterran\u00e9enne authentique.<\/p>\n\t\t\t\t\t\t\t\t<\/div>\n\t\t\t\t<\/div>\n\t\t\t\t<div class=\"elementor-element elementor-element-4617fcc4 elementor-widget elementor-widget-image\" data-id=\"4617fcc4\" data-element_type=\"widget\" data-e-type=\"widget\" data-widget_type=\"image.default\">\n\t\t\t\t<div class=\"elementor-widget-container\">\n\t\t\t\t\t\t\t\t\t\t\t\t\t\t\t<img fetchpriority=\"high\" decoding=\"async\" width=\"800\" height=\"527\" src=\"https:\/\/www.tochnitavern.com\/wp-content\/uploads\/2023\/09\/Copy-of-_DCM2005-1024x674.jpg\" class=\"attachment-large size-large wp-image-1304\" alt=\"\" srcset=\"https:\/\/www.tochnitavern.com\/wp-content\/uploads\/2023\/09\/Copy-of-_DCM2005-1024x674.jpg 1024w, https:\/\/www.tochnitavern.com\/wp-content\/uploads\/2023\/09\/Copy-of-_DCM2005-300x198.jpg 300w, https:\/\/www.tochnitavern.com\/wp-content\/uploads\/2023\/09\/Copy-of-_DCM2005-768x506.jpg 768w, https:\/\/www.tochnitavern.com\/wp-content\/uploads\/2023\/09\/Copy-of-_DCM2005-1536x1011.jpg 1536w, https:\/\/www.tochnitavern.com\/wp-content\/uploads\/2023\/09\/Copy-of-_DCM2005-2048x1349.jpg 2048w, https:\/\/www.tochnitavern.com\/wp-content\/uploads\/2023\/09\/Copy-of-_DCM2005-600x395.jpg 600w\" sizes=\"(max-width: 800px) 100vw, 800px\" \/>\t\t\t\t\t\t\t\t\t\t\t\t\t\t\t<\/div>\n\t\t\t\t<\/div>\n\t\t\t\t<\/div>\n\t\t<div class=\"elementor-element elementor-element-7f8efc6 e-con-full e-flex e-con e-child\" data-id=\"7f8efc6\" data-element_type=\"container\" data-e-type=\"container\" data-settings=\"{&quot;background_background&quot;:&quot;classic&quot;}\">\n\t\t\t\t<\/div>\n\t\t\t\t<\/div>\n\t\t<div class=\"elementor-element elementor-element-ada19fc e-con-full e-flex e-con e-parent\" data-id=\"ada19fc\" data-element_type=\"container\" data-e-type=\"container\" data-settings=\"{&quot;background_background&quot;:&quot;classic&quot;}\">\n\t\t<div class=\"elementor-element elementor-element-2e5ad12 e-con-full e-flex e-con e-child\" data-id=\"2e5ad12\" data-element_type=\"container\" data-e-type=\"container\">\n\t\t\t\t<div class=\"elementor-element elementor-element-dddd855 elementor-widget elementor-widget-text-editor\" data-id=\"dddd855\" data-element_type=\"widget\" data-e-type=\"widget\" data-widget_type=\"text-editor.default\">\n\t\t\t\t<div class=\"elementor-widget-container\">\n\t\t\t\t\t\t\t\t\t<p class=\"p1\">L&rsquo;architecture historique de Tochni, avec ses fa\u00e7ades ensoleill\u00e9es et ses cours pittoresques, vous invite \u00e0 d\u00e9couvrir son riche patrimoine. D\u00e9couvrez des tr\u00e9sors cach\u00e9s dans les restaurants familiaux tels que la Tochni Tavern et savourez la cuisine chypriote traditionnelle, tout en vous impr\u00e9gnant de l&rsquo;hospitalit\u00e9 chaleureuse des habitants.<\/p>\n<p class=\"p1\">Lorsque le soleil descend sous l&rsquo;horizon, l&rsquo;atmosph\u00e8re sereine de Tochni prend des allures romantiques. Les nuits \u00e9toil\u00e9es de cette petite Toscane de Chypre sont une invitation \u00e0 ch\u00e9rir des moments de tranquillit\u00e9 et de connexion.<\/p>\n<p class=\"p1\">Que vous soyez \u00e0 la recherche d&rsquo;une escapade romantique, d&rsquo;une aventure culturelle ou simplement d&rsquo;un aper\u00e7u du r\u00eave m\u00e9diterran\u00e9en, Tochni vous accueille \u00e0 bras ouverts. D\u00e9couvrez l&rsquo;enchantement de Chypre dans ce village idyllique, v\u00e9ritable joyau au c\u0153ur de la beaut\u00e9 rustique de l&rsquo;\u00eele.<\/p>\n\t\t\t\t\t\t\t\t<\/div>\n\t\t\t\t<\/div>\n\t\t\t\t<div class=\"elementor-element elementor-element-df6e990 elementor-widget elementor-widget-image\" data-id=\"df6e990\" data-element_type=\"widget\" data-e-type=\"widget\" data-widget_type=\"image.default\">\n\t\t\t\t<div class=\"elementor-widget-container\">\n\t\t\t\t\t\t\t\t\t\t\t\t\t\t\t<img decoding=\"async\" width=\"768\" height=\"1024\" src=\"https:\/\/www.tochnitavern.com\/wp-content\/uploads\/2023\/09\/cyprus-3426501_1920-768x1024.jpg\" class=\"attachment-medium_large size-medium_large wp-image-1312\" alt=\"\" srcset=\"https:\/\/www.tochnitavern.com\/wp-content\/uploads\/2023\/09\/cyprus-3426501_1920-768x1024.jpg 768w, https:\/\/www.tochnitavern.com\/wp-content\/uploads\/2023\/09\/cyprus-3426501_1920-225x300.jpg 225w, https:\/\/www.tochnitavern.com\/wp-content\/uploads\/2023\/09\/cyprus-3426501_1920-1152x1536.jpg 1152w, https:\/\/www.tochnitavern.com\/wp-content\/uploads\/2023\/09\/cyprus-3426501_1920-450x600.jpg 450w, https:\/\/www.tochnitavern.com\/wp-content\/uploads\/2023\/09\/cyprus-3426501_1920.jpg 1440w\" sizes=\"(max-width: 768px) 100vw, 768px\" \/>\t\t\t\t\t\t\t\t\t\t\t\t\t\t\t<\/div>\n\t\t\t\t<\/div>\n\t\t\t\t<\/div>\n\t\t<div class=\"elementor-element elementor-element-9491c32 e-con-full e-flex e-con e-child\" data-id=\"9491c32\" data-element_type=\"container\" data-e-type=\"container\" data-settings=\"{&quot;background_background&quot;:&quot;classic&quot;}\">\n\t\t\t\t<\/div>\n\t\t\t\t<\/div>\n\t\t<div class=\"elementor-element elementor-element-239574ad e-con-full e-flex e-con e-parent\" data-id=\"239574ad\" data-element_type=\"container\" data-e-type=\"container\" data-settings=\"{&quot;background_background&quot;:&quot;classic&quot;}\">\n\t\t<div class=\"elementor-element elementor-element-6daef7c0 e-con-full e-flex e-con e-child\" data-id=\"6daef7c0\" data-element_type=\"container\" data-e-type=\"container\" data-settings=\"{&quot;background_background&quot;:&quot;classic&quot;}\">\n\t\t\t\t<\/div>\n\t\t<div class=\"elementor-element elementor-element-5df318b3 e-con-full e-flex e-con e-child\" data-id=\"5df318b3\" data-element_type=\"container\" data-e-type=\"container\">\n\t\t<div class=\"elementor-element elementor-element-37ac552f e-con-full e-flex e-con e-child\" data-id=\"37ac552f\" data-element_type=\"container\" data-e-type=\"container\">\n\t\t\t\t<div class=\"elementor-element elementor-element-3ba8ddbb elementor-widget elementor-widget-heading\" data-id=\"3ba8ddbb\" data-element_type=\"widget\" data-e-type=\"widget\" data-widget_type=\"heading.default\">\n\t\t\t\t<div class=\"elementor-widget-container\">\n\t\t\t\t\t<h2 class=\"elementor-heading-title elementor-size-default\">Taverne Tochni  <\/h2>\t\t\t\t<\/div>\n\t\t\t\t<\/div>\n\t\t\t\t<div class=\"elementor-element elementor-element-532e5d3a elementor-widget elementor-widget-text-editor\" data-id=\"532e5d3a\" data-element_type=\"widget\" data-e-type=\"widget\" data-widget_type=\"text-editor.default\">\n\t\t\t\t<div class=\"elementor-widget-container\">\n\t\t\t\t\t\t\t\t\t<p>Notre restaurant familial surplombe le magnifique village et propose une d\u00e9licieuse cuisine chypriote et des boissons rafra\u00eechissantes.<\/p>\n\t\t\t\t\t\t\t\t<\/div>\n\t\t\t\t<\/div>\n\t\t\t\t<\/div>\n\t\t<div class=\"elementor-element elementor-element-2d150078 e-con-full e-flex e-con e-child\" data-id=\"2d150078\" data-element_type=\"container\" data-e-type=\"container\">\n\t\t\t\t<div class=\"elementor-element elementor-element-1d246cd5 elementor-tablet-align-justify elementor-mobile-align-justify elementor-widget-tablet__width-inherit elementor-align-justify elementor-widget__width-initial elementor-widget elementor-widget-button\" data-id=\"1d246cd5\" data-element_type=\"widget\" data-e-type=\"widget\" data-widget_type=\"button.default\">\n\t\t\t\t<div class=\"elementor-widget-container\">\n\t\t\t\t\t\t\t\t\t<div class=\"elementor-button-wrapper\">\n\t\t\t\t\t<a class=\"elementor-button elementor-button-link elementor-size-lg\" href=\"https:\/\/www.tochnitavern.com\/fr\/\">\n\t\t\t\t\t\t<span class=\"elementor-button-content-wrapper\">\n\t\t\t\t\t\t\t\t\t<span class=\"elementor-button-text\">Page d'accueil<\/span>\n\t\t\t\t\t<\/span>\n\t\t\t\t\t<\/a>\n\t\t\t\t<\/div>\n\t\t\t\t\t\t\t\t<\/div>\n\t\t\t\t<\/div>\n\t\t\t\t<div class=\"elementor-element elementor-element-2eadae3f elementor-tablet-align-justify elementor-mobile-align-justify elementor-widget-tablet__width-inherit elementor-align-justify elementor-widget__width-initial elementor-widget elementor-widget-button\" data-id=\"2eadae3f\" data-element_type=\"widget\" data-e-type=\"widget\" data-widget_type=\"button.default\">\n\t\t\t\t<div class=\"elementor-widget-container\">\n\t\t\t\t\t\t\t\t\t<div class=\"elementor-button-wrapper\">\n\t\t\t\t\t<a class=\"elementor-button elementor-button-link elementor-size-lg\" href=\"tel:0035799563299\">\n\t\t\t\t\t\t<span class=\"elementor-button-content-wrapper\">\n\t\t\t\t\t\t\t\t\t<span class=\"elementor-button-text\">Appelez-nous !<\/span>\n\t\t\t\t\t<\/span>\n\t\t\t\t\t<\/a>\n\t\t\t\t<\/div>\n\t\t\t\t\t\t\t\t<\/div>\n\t\t\t\t<\/div>\n\t\t\t\t<\/div>\n\t\t\t\t<\/div>\n\t\t<div class=\"elementor-element elementor-element-74f6c231 e-con-full e-flex e-con e-child\" data-id=\"74f6c231\" data-element_type=\"container\" data-e-type=\"container\" data-settings=\"{&quot;background_background&quot;:&quot;classic&quot;}\">\n\t\t\t\t<\/div>\n\t\t\t\t<\/div>\n\t\t\t\t<\/div>\n\t\t","protected":false},"excerpt":{"rendered":"<p>D\u00e9couvrez Tochni, La petite Toscane de Chypre Le village de Tochni est souvent consid\u00e9r\u00e9 comme la petite Toscane de Chypre. Vous trouverez plus d&rsquo;informations sur le village ci-dessous. Tochni La petite Toscane de Chypre. Nich\u00e9 au c\u0153ur de Chypre, le charmant village de Tochni vous s\u00e9duira par son allure rustique et sa magie m\u00e9diterran\u00e9enne. Souvent [&hellip;]<\/p>\n","protected":false},"author":2,"featured_media":1309,"parent":0,"menu_order":0,"comment_status":"closed","ping_status":"closed","template":"","meta":{"footnotes":""},"class_list":["post-1301","page","type-page","status-publish","has-post-thumbnail","hentry"],"yoast_head":"<!-- This site is optimized with the Yoast SEO plugin v27.4 - https:\/\/yoast.com\/product\/yoast-seo-wordpress\/ -->\n<title>D\u00e9couvrez le village de Tochni - La petite Toscane de Chypre - Tochni Tavern<\/title>\n<meta name=\"description\" content=\"Nich\u00e9 au c\u0153ur de Chypre, le charmant village de Tochni vous s\u00e9duira par son allure rustique et sa magie m\u00e9diterran\u00e9enne.\" \/>\n<meta name=\"robots\" content=\"index, follow, max-snippet:-1, max-image-preview:large, max-video-preview:-1\" \/>\n<link rel=\"canonical\" href=\"https:\/\/www.tochnitavern.com\/fr\/decouvrez-le-village-de-tochni-la-petite-toscane-de-chypre\/\" \/>\n<meta property=\"og:locale\" content=\"fr_FR\" \/>\n<meta property=\"og:type\" content=\"article\" \/>\n<meta property=\"og:title\" content=\"D\u00e9couvrez le village de Tochni - La petite Toscane de Chypre - Tochni Tavern\" \/>\n<meta property=\"og:description\" content=\"Nich\u00e9 au c\u0153ur de Chypre, le charmant village de Tochni vous s\u00e9duira par son allure rustique et sa magie m\u00e9diterran\u00e9enne.\" \/>\n<meta property=\"og:url\" content=\"https:\/\/www.tochnitavern.com\/fr\/decouvrez-le-village-de-tochni-la-petite-toscane-de-chypre\/\" \/>\n<meta property=\"og:site_name\" content=\"Tochni Tavern\" \/>\n<meta property=\"article:publisher\" content=\"https:\/\/www.facebook.com\/CyprusVillages.TochniTaverna\/\" \/>\n<meta property=\"article:modified_time\" content=\"2024-07-31T17:59:26+00:00\" \/>\n<meta property=\"og:image\" content=\"https:\/\/www.tochnitavern.com\/wp-content\/uploads\/2023\/09\/DCM1890-3-scaled.jpg\" \/>\n\t<meta property=\"og:image:width\" content=\"2560\" \/>\n\t<meta property=\"og:image:height\" content=\"1639\" \/>\n\t<meta property=\"og:image:type\" content=\"image\/jpeg\" \/>\n<meta name=\"twitter:card\" content=\"summary_large_image\" \/>\n<meta name=\"twitter:label1\" content=\"Dur\u00e9e de lecture estim\u00e9e\" \/>\n\t<meta name=\"twitter:data1\" content=\"2 minutes\" \/>\n<script type=\"application\/ld+json\" class=\"yoast-schema-graph\">{\"@context\":\"https:\\\/\\\/schema.org\",\"@graph\":[{\"@type\":\"WebPage\",\"@id\":\"https:\\\/\\\/www.tochnitavern.com\\\/fr\\\/decouvrez-le-village-de-tochni-la-petite-toscane-de-chypre\\\/\",\"url\":\"https:\\\/\\\/www.tochnitavern.com\\\/fr\\\/decouvrez-le-village-de-tochni-la-petite-toscane-de-chypre\\\/\",\"name\":\"D\u00e9couvrez le village de Tochni - La petite Toscane de Chypre - Tochni Tavern\",\"isPartOf\":{\"@id\":\"https:\\\/\\\/www.tochnitavern.com\\\/fr\\\/#website\"},\"primaryImageOfPage\":{\"@id\":\"https:\\\/\\\/www.tochnitavern.com\\\/fr\\\/decouvrez-le-village-de-tochni-la-petite-toscane-de-chypre\\\/#primaryimage\"},\"image\":{\"@id\":\"https:\\\/\\\/www.tochnitavern.com\\\/fr\\\/decouvrez-le-village-de-tochni-la-petite-toscane-de-chypre\\\/#primaryimage\"},\"thumbnailUrl\":\"https:\\\/\\\/www.tochnitavern.com\\\/wp-content\\\/uploads\\\/2023\\\/09\\\/DCM1890-3-scaled.jpg\",\"datePublished\":\"2023-09-06T08:23:14+00:00\",\"dateModified\":\"2024-07-31T17:59:26+00:00\",\"description\":\"Nich\u00e9 au c\u0153ur de Chypre, le charmant village de Tochni vous s\u00e9duira par son allure rustique et sa magie m\u00e9diterran\u00e9enne.\",\"breadcrumb\":{\"@id\":\"https:\\\/\\\/www.tochnitavern.com\\\/fr\\\/decouvrez-le-village-de-tochni-la-petite-toscane-de-chypre\\\/#breadcrumb\"},\"inLanguage\":\"fr-FR\",\"potentialAction\":[{\"@type\":\"ReadAction\",\"target\":[\"https:\\\/\\\/www.tochnitavern.com\\\/fr\\\/decouvrez-le-village-de-tochni-la-petite-toscane-de-chypre\\\/\"]}]},{\"@type\":\"ImageObject\",\"inLanguage\":\"fr-FR\",\"@id\":\"https:\\\/\\\/www.tochnitavern.com\\\/fr\\\/decouvrez-le-village-de-tochni-la-petite-toscane-de-chypre\\\/#primaryimage\",\"url\":\"https:\\\/\\\/www.tochnitavern.com\\\/wp-content\\\/uploads\\\/2023\\\/09\\\/DCM1890-3-scaled.jpg\",\"contentUrl\":\"https:\\\/\\\/www.tochnitavern.com\\\/wp-content\\\/uploads\\\/2023\\\/09\\\/DCM1890-3-scaled.jpg\",\"width\":2560,\"height\":1639},{\"@type\":\"BreadcrumbList\",\"@id\":\"https:\\\/\\\/www.tochnitavern.com\\\/fr\\\/decouvrez-le-village-de-tochni-la-petite-toscane-de-chypre\\\/#breadcrumb\",\"itemListElement\":[{\"@type\":\"ListItem\",\"position\":1,\"name\":\"Home\",\"item\":\"https:\\\/\\\/www.tochnitavern.com\\\/fr\\\/accueil\\\/\"},{\"@type\":\"ListItem\",\"position\":2,\"name\":\"D\u00e9couvrez le village de Tochni &#8211; La petite Toscane de Chypre\"}]},{\"@type\":\"WebSite\",\"@id\":\"https:\\\/\\\/www.tochnitavern.com\\\/fr\\\/#website\",\"url\":\"https:\\\/\\\/www.tochnitavern.com\\\/fr\\\/\",\"name\":\"Tochni Tavern\",\"description\":\"Traditional Cypriot Cuisine with a Modern Approach\",\"publisher\":{\"@id\":\"https:\\\/\\\/www.tochnitavern.com\\\/fr\\\/#organization\"},\"potentialAction\":[{\"@type\":\"SearchAction\",\"target\":{\"@type\":\"EntryPoint\",\"urlTemplate\":\"https:\\\/\\\/www.tochnitavern.com\\\/fr\\\/?s={search_term_string}\"},\"query-input\":{\"@type\":\"PropertyValueSpecification\",\"valueRequired\":true,\"valueName\":\"search_term_string\"}}],\"inLanguage\":\"fr-FR\"},{\"@type\":\"Organization\",\"@id\":\"https:\\\/\\\/www.tochnitavern.com\\\/fr\\\/#organization\",\"name\":\"Tochni Tavern\",\"url\":\"https:\\\/\\\/www.tochnitavern.com\\\/fr\\\/\",\"logo\":{\"@type\":\"ImageObject\",\"inLanguage\":\"fr-FR\",\"@id\":\"https:\\\/\\\/www.tochnitavern.com\\\/fr\\\/#\\\/schema\\\/logo\\\/image\\\/\",\"url\":\"https:\\\/\\\/www.tochnitavern.com\\\/wp-content\\\/uploads\\\/2023\\\/05\\\/TOCHNI-TAVERN-4-e1684927601971.png\",\"contentUrl\":\"https:\\\/\\\/www.tochnitavern.com\\\/wp-content\\\/uploads\\\/2023\\\/05\\\/TOCHNI-TAVERN-4-e1684927601971.png\",\"width\":1563,\"height\":500,\"caption\":\"Tochni Tavern\"},\"image\":{\"@id\":\"https:\\\/\\\/www.tochnitavern.com\\\/fr\\\/#\\\/schema\\\/logo\\\/image\\\/\"},\"sameAs\":[\"https:\\\/\\\/www.facebook.com\\\/CyprusVillages.TochniTaverna\\\/\"]}]}<\/script>\n<!-- \/ Yoast SEO plugin. -->","yoast_head_json":{"title":"D\u00e9couvrez le village de Tochni - La petite Toscane de Chypre - Tochni Tavern","description":"Nich\u00e9 au c\u0153ur de Chypre, le charmant village de Tochni vous s\u00e9duira par son allure rustique et sa magie m\u00e9diterran\u00e9enne.","robots":{"index":"index","follow":"follow","max-snippet":"max-snippet:-1","max-image-preview":"max-image-preview:large","max-video-preview":"max-video-preview:-1"},"canonical":"https:\/\/www.tochnitavern.com\/fr\/decouvrez-le-village-de-tochni-la-petite-toscane-de-chypre\/","og_locale":"fr_FR","og_type":"article","og_title":"D\u00e9couvrez le village de Tochni - La petite Toscane de Chypre - Tochni Tavern","og_description":"Nich\u00e9 au c\u0153ur de Chypre, le charmant village de Tochni vous s\u00e9duira par son allure rustique et sa magie m\u00e9diterran\u00e9enne.","og_url":"https:\/\/www.tochnitavern.com\/fr\/decouvrez-le-village-de-tochni-la-petite-toscane-de-chypre\/","og_site_name":"Tochni Tavern","article_publisher":"https:\/\/www.facebook.com\/CyprusVillages.TochniTaverna\/","article_modified_time":"2024-07-31T17:59:26+00:00","og_image":[{"width":2560,"height":1639,"url":"https:\/\/www.tochnitavern.com\/wp-content\/uploads\/2023\/09\/DCM1890-3-scaled.jpg","type":"image\/jpeg"}],"twitter_card":"summary_large_image","twitter_misc":{"Dur\u00e9e de lecture estim\u00e9e":"2 minutes"},"schema":{"@context":"https:\/\/schema.org","@graph":[{"@type":"WebPage","@id":"https:\/\/www.tochnitavern.com\/fr\/decouvrez-le-village-de-tochni-la-petite-toscane-de-chypre\/","url":"https:\/\/www.tochnitavern.com\/fr\/decouvrez-le-village-de-tochni-la-petite-toscane-de-chypre\/","name":"D\u00e9couvrez le village de Tochni - La petite Toscane de Chypre - Tochni Tavern","isPartOf":{"@id":"https:\/\/www.tochnitavern.com\/fr\/#website"},"primaryImageOfPage":{"@id":"https:\/\/www.tochnitavern.com\/fr\/decouvrez-le-village-de-tochni-la-petite-toscane-de-chypre\/#primaryimage"},"image":{"@id":"https:\/\/www.tochnitavern.com\/fr\/decouvrez-le-village-de-tochni-la-petite-toscane-de-chypre\/#primaryimage"},"thumbnailUrl":"https:\/\/www.tochnitavern.com\/wp-content\/uploads\/2023\/09\/DCM1890-3-scaled.jpg","datePublished":"2023-09-06T08:23:14+00:00","dateModified":"2024-07-31T17:59:26+00:00","description":"Nich\u00e9 au c\u0153ur de Chypre, le charmant village de Tochni vous s\u00e9duira par son allure rustique et sa magie m\u00e9diterran\u00e9enne.","breadcrumb":{"@id":"https:\/\/www.tochnitavern.com\/fr\/decouvrez-le-village-de-tochni-la-petite-toscane-de-chypre\/#breadcrumb"},"inLanguage":"fr-FR","potentialAction":[{"@type":"ReadAction","target":["https:\/\/www.tochnitavern.com\/fr\/decouvrez-le-village-de-tochni-la-petite-toscane-de-chypre\/"]}]},{"@type":"ImageObject","inLanguage":"fr-FR","@id":"https:\/\/www.tochnitavern.com\/fr\/decouvrez-le-village-de-tochni-la-petite-toscane-de-chypre\/#primaryimage","url":"https:\/\/www.tochnitavern.com\/wp-content\/uploads\/2023\/09\/DCM1890-3-scaled.jpg","contentUrl":"https:\/\/www.tochnitavern.com\/wp-content\/uploads\/2023\/09\/DCM1890-3-scaled.jpg","width":2560,"height":1639},{"@type":"BreadcrumbList","@id":"https:\/\/www.tochnitavern.com\/fr\/decouvrez-le-village-de-tochni-la-petite-toscane-de-chypre\/#breadcrumb","itemListElement":[{"@type":"ListItem","position":1,"name":"Home","item":"https:\/\/www.tochnitavern.com\/fr\/accueil\/"},{"@type":"ListItem","position":2,"name":"D\u00e9couvrez le village de Tochni &#8211; La petite Toscane de Chypre"}]},{"@type":"WebSite","@id":"https:\/\/www.tochnitavern.com\/fr\/#website","url":"https:\/\/www.tochnitavern.com\/fr\/","name":"Tochni Tavern","description":"Traditional Cypriot Cuisine with a Modern Approach","publisher":{"@id":"https:\/\/www.tochnitavern.com\/fr\/#organization"},"potentialAction":[{"@type":"SearchAction","target":{"@type":"EntryPoint","urlTemplate":"https:\/\/www.tochnitavern.com\/fr\/?s={search_term_string}"},"query-input":{"@type":"PropertyValueSpecification","valueRequired":true,"valueName":"search_term_string"}}],"inLanguage":"fr-FR"},{"@type":"Organization","@id":"https:\/\/www.tochnitavern.com\/fr\/#organization","name":"Tochni Tavern","url":"https:\/\/www.tochnitavern.com\/fr\/","logo":{"@type":"ImageObject","inLanguage":"fr-FR","@id":"https:\/\/www.tochnitavern.com\/fr\/#\/schema\/logo\/image\/","url":"https:\/\/www.tochnitavern.com\/wp-content\/uploads\/2023\/05\/TOCHNI-TAVERN-4-e1684927601971.png","contentUrl":"https:\/\/www.tochnitavern.com\/wp-content\/uploads\/2023\/05\/TOCHNI-TAVERN-4-e1684927601971.png","width":1563,"height":500,"caption":"Tochni Tavern"},"image":{"@id":"https:\/\/www.tochnitavern.com\/fr\/#\/schema\/logo\/image\/"},"sameAs":["https:\/\/www.facebook.com\/CyprusVillages.TochniTaverna\/"]}]}},"_links":{"self":[{"href":"https:\/\/www.tochnitavern.com\/fr\/wp-json\/wp\/v2\/pages\/1301","targetHints":{"allow":["GET"]}}],"collection":[{"href":"https:\/\/www.tochnitavern.com\/fr\/wp-json\/wp\/v2\/pages"}],"about":[{"href":"https:\/\/www.tochnitavern.com\/fr\/wp-json\/wp\/v2\/types\/page"}],"author":[{"embeddable":true,"href":"https:\/\/www.tochnitavern.com\/fr\/wp-json\/wp\/v2\/users\/2"}],"replies":[{"embeddable":true,"href":"https:\/\/www.tochnitavern.com\/fr\/wp-json\/wp\/v2\/comments?post=1301"}],"version-history":[{"count":2,"href":"https:\/\/www.tochnitavern.com\/fr\/wp-json\/wp\/v2\/pages\/1301\/revisions"}],"predecessor-version":[{"id":1631,"href":"https:\/\/www.tochnitavern.com\/fr\/wp-json\/wp\/v2\/pages\/1301\/revisions\/1631"}],"wp:featuredmedia":[{"embeddable":true,"href":"https:\/\/www.tochnitavern.com\/fr\/wp-json\/wp\/v2\/media\/1309"}],"wp:attachment":[{"href":"https:\/\/www.tochnitavern.com\/fr\/wp-json\/wp\/v2\/media?parent=1301"}],"curies":[{"name":"wp","href":"https:\/\/api.w.org\/{rel}","templated":true}]}}