{"id":3339,"date":"2025-05-07T16:02:29","date_gmt":"2025-05-07T16:02:29","guid":{"rendered":"https:\/\/www.tochnitavern.com\/?page_id=3339"},"modified":"2026-02-19T13:43:37","modified_gmt":"2026-02-19T13:43:37","slug":"tochni-taverne-menu","status":"publish","type":"page","link":"https:\/\/www.tochnitavern.com\/de\/tochni-taverne-menu\/","title":{"rendered":"Tochni Taverne Men\u00fc"},"content":{"rendered":"\t\t<div data-elementor-type=\"wp-page\" data-elementor-id=\"3339\" class=\"elementor elementor-3339 elementor-3338\" data-elementor-post-type=\"page\">\n\t\t\t\t<div class=\"elementor-element elementor-element-b373888 e-flex e-con-boxed e-con e-parent\" data-id=\"b373888\" data-element_type=\"container\" data-e-type=\"container\" data-settings=\"{&quot;background_background&quot;:&quot;classic&quot;}\">\n\t\t\t\t\t<div class=\"e-con-inner\">\n\t\t\t\t<div class=\"elementor-element elementor-element-f11b246 elementor-arrows-position-outside elementor-pagination-position-outside elementor-widget elementor-widget-image-carousel\" data-id=\"f11b246\" data-element_type=\"widget\" data-e-type=\"widget\" data-settings=\"{&quot;slides_to_show&quot;:&quot;2&quot;,&quot;speed&quot;:300,&quot;slides_to_show_tablet&quot;:&quot;1&quot;,&quot;image_spacing_custom&quot;:{&quot;unit&quot;:&quot;px&quot;,&quot;size&quot;:2,&quot;sizes&quot;:[]},&quot;navigation&quot;:&quot;both&quot;,&quot;infinite&quot;:&quot;yes&quot;,&quot;image_spacing_custom_laptop&quot;:{&quot;unit&quot;:&quot;px&quot;,&quot;size&quot;:&quot;&quot;,&quot;sizes&quot;:[]}}\" data-widget_type=\"image-carousel.default\">\n\t\t\t\t<div class=\"elementor-widget-container\">\n\t\t\t\t\t\t\t<div class=\"elementor-image-carousel-wrapper swiper\" role=\"region\" aria-roledescription=\"carousel\" aria-label=\"Image Carousel\" dir=\"ltr\">\n\t\t\t<div class=\"elementor-image-carousel swiper-wrapper swiper-image-stretch\" aria-live=\"polite\">\n\t\t\t\t\t\t\t\t<div class=\"swiper-slide\" role=\"group\" aria-roledescription=\"slide\" aria-label=\"1 von 12\"><figure class=\"swiper-slide-inner\"><img decoding=\"async\" class=\"swiper-slide-image\" src=\"https:\/\/www.tochnitavern.com\/wp-content\/uploads\/2026\/02\/1-1325x2048.jpg\" alt=\"1\" \/><\/figure><\/div><div class=\"swiper-slide\" role=\"group\" aria-roledescription=\"slide\" aria-label=\"2 von 12\"><figure class=\"swiper-slide-inner\"><img decoding=\"async\" class=\"swiper-slide-image\" src=\"https:\/\/www.tochnitavern.com\/wp-content\/uploads\/2026\/02\/2-1325x2048.jpg\" alt=\"2\" \/><\/figure><\/div><div class=\"swiper-slide\" role=\"group\" aria-roledescription=\"slide\" aria-label=\"3 von 12\"><figure class=\"swiper-slide-inner\"><img decoding=\"async\" class=\"swiper-slide-image\" src=\"https:\/\/www.tochnitavern.com\/wp-content\/uploads\/2026\/02\/3-1325x2048.jpg\" alt=\"3\" \/><\/figure><\/div><div class=\"swiper-slide\" role=\"group\" aria-roledescription=\"slide\" aria-label=\"4 von 12\"><figure class=\"swiper-slide-inner\"><img decoding=\"async\" class=\"swiper-slide-image\" src=\"https:\/\/www.tochnitavern.com\/wp-content\/uploads\/2026\/02\/4-1325x2048.jpg\" alt=\"4\" \/><\/figure><\/div><div class=\"swiper-slide\" role=\"group\" aria-roledescription=\"slide\" aria-label=\"5 von 12\"><figure class=\"swiper-slide-inner\"><img decoding=\"async\" class=\"swiper-slide-image\" src=\"https:\/\/www.tochnitavern.com\/wp-content\/uploads\/2026\/02\/5-1325x2048.jpg\" alt=\"5\" \/><\/figure><\/div><div class=\"swiper-slide\" role=\"group\" aria-roledescription=\"slide\" aria-label=\"6 von 12\"><figure class=\"swiper-slide-inner\"><img decoding=\"async\" class=\"swiper-slide-image\" src=\"https:\/\/www.tochnitavern.com\/wp-content\/uploads\/2026\/02\/6-1325x2048.jpg\" alt=\"6\" \/><\/figure><\/div><div class=\"swiper-slide\" role=\"group\" aria-roledescription=\"slide\" aria-label=\"7 von 12\"><figure class=\"swiper-slide-inner\"><img decoding=\"async\" class=\"swiper-slide-image\" src=\"https:\/\/www.tochnitavern.com\/wp-content\/uploads\/2026\/02\/7-1325x2048.jpg\" alt=\"7\" \/><\/figure><\/div><div class=\"swiper-slide\" role=\"group\" aria-roledescription=\"slide\" aria-label=\"8 von 12\"><figure class=\"swiper-slide-inner\"><img decoding=\"async\" class=\"swiper-slide-image\" src=\"https:\/\/www.tochnitavern.com\/wp-content\/uploads\/2026\/02\/8-1325x2048.jpg\" alt=\"8\" \/><\/figure><\/div><div class=\"swiper-slide\" role=\"group\" aria-roledescription=\"slide\" aria-label=\"9 von 12\"><figure class=\"swiper-slide-inner\"><img decoding=\"async\" class=\"swiper-slide-image\" src=\"https:\/\/www.tochnitavern.com\/wp-content\/uploads\/2026\/02\/DESSERTS-2-1325x2048.jpg\" alt=\"DESSERTS (2)\" \/><\/figure><\/div><div class=\"swiper-slide\" role=\"group\" aria-roledescription=\"slide\" aria-label=\"10 von 12\"><figure class=\"swiper-slide-inner\"><img decoding=\"async\" class=\"swiper-slide-image\" src=\"https:\/\/www.tochnitavern.com\/wp-content\/uploads\/2026\/02\/DESSERTS-1325x2048.jpg\" alt=\"DESSERTS\" \/><\/figure><\/div><div class=\"swiper-slide\" role=\"group\" aria-roledescription=\"slide\" aria-label=\"11 von 12\"><figure class=\"swiper-slide-inner\"><img decoding=\"async\" class=\"swiper-slide-image\" src=\"https:\/\/www.tochnitavern.com\/wp-content\/uploads\/2026\/02\/NEW-2-1325x2048.jpg\" alt=\"NEW (2)\" \/><\/figure><\/div><div class=\"swiper-slide\" role=\"group\" aria-roledescription=\"slide\" aria-label=\"12 von 12\"><figure class=\"swiper-slide-inner\"><img decoding=\"async\" class=\"swiper-slide-image\" src=\"https:\/\/www.tochnitavern.com\/wp-content\/uploads\/2026\/02\/NEW-1325x2048.jpg\" alt=\"NEW\" \/><\/figure><\/div>\t\t\t<\/div>\n\t\t\t\t\t\t\t\t\t\t\t\t<div class=\"elementor-swiper-button elementor-swiper-button-prev\" role=\"button\" tabindex=\"0\">\n\t\t\t\t\t\t<i aria-hidden=\"true\" class=\"eicon-chevron-left\"><\/i>\t\t\t\t\t<\/div>\n\t\t\t\t\t<div class=\"elementor-swiper-button elementor-swiper-button-next\" role=\"button\" tabindex=\"0\">\n\t\t\t\t\t\t<i aria-hidden=\"true\" class=\"eicon-chevron-right\"><\/i>\t\t\t\t\t<\/div>\n\t\t\t\t\n\t\t\t\t\t\t\t\t\t<div class=\"swiper-pagination\"><\/div>\n\t\t\t\t\t\t\t\t\t<\/div>\n\t\t\t\t\t\t<\/div>\n\t\t\t\t<\/div>\n\t\t\t\t\t<\/div>\n\t\t\t\t<\/div>\n\t\t\t\t<\/div>\n\t\t","protected":false},"excerpt":{"rendered":"<p>Tochni Taverne Men\u00fc<\/p>\n","protected":false},"author":2,"featured_media":3224,"parent":0,"menu_order":0,"comment_status":"closed","ping_status":"closed","template":"","meta":{"footnotes":""},"class_list":["post-3339","page","type-page","status-publish","has-post-thumbnail","hentry"],"yoast_head":"<!-- This site is optimized with the Yoast SEO plugin v27.4 - https:\/\/yoast.com\/product\/yoast-seo-wordpress\/ -->\n<title>Tochni Taverne Men\u00fc<\/title>\n<meta name=\"description\" content=\"Willkommen in der Tochni Taverne, wo jeder Gast zur Familie geh\u00f6rt. St\u00f6bern Sie in unserer Speisekarte und erleben Sie die zypriotische K\u00fcche.\" \/>\n<meta name=\"robots\" content=\"index, follow, max-snippet:-1, max-image-preview:large, max-video-preview:-1\" \/>\n<link rel=\"canonical\" href=\"https:\/\/www.tochnitavern.com\/de\/tochni-taverne-menu\/\" \/>\n<meta property=\"og:locale\" content=\"de_DE\" \/>\n<meta property=\"og:type\" content=\"article\" \/>\n<meta property=\"og:title\" content=\"Tochni Taverne Men\u00fc\" \/>\n<meta property=\"og:description\" content=\"Willkommen in der Tochni Taverne, wo jeder Gast zur Familie geh\u00f6rt. St\u00f6bern Sie in unserer Speisekarte und erleben Sie die zypriotische K\u00fcche.\" \/>\n<meta property=\"og:url\" content=\"https:\/\/www.tochnitavern.com\/de\/tochni-taverne-menu\/\" \/>\n<meta property=\"og:site_name\" content=\"Tochni Tavern\" \/>\n<meta property=\"article:publisher\" content=\"https:\/\/www.facebook.com\/CyprusVillages.TochniTaverna\/\" \/>\n<meta property=\"article:modified_time\" content=\"2026-02-19T13:43:37+00:00\" \/>\n<meta property=\"og:image\" content=\"https:\/\/www.tochnitavern.com\/wp-content\/uploads\/2025\/05\/Tochni-Tavern-Menu_2025_page-0001.jpg\" \/>\n\t<meta property=\"og:image:width\" content=\"1650\" \/>\n\t<meta property=\"og:image:height\" content=\"2550\" \/>\n\t<meta property=\"og:image:type\" content=\"image\/jpeg\" \/>\n<meta name=\"twitter:card\" content=\"summary_large_image\" \/>\n<script type=\"application\/ld+json\" class=\"yoast-schema-graph\">{\"@context\":\"https:\\\/\\\/schema.org\",\"@graph\":[{\"@type\":\"WebPage\",\"@id\":\"https:\\\/\\\/www.tochnitavern.com\\\/de\\\/tochni-taverne-menu\\\/\",\"url\":\"https:\\\/\\\/www.tochnitavern.com\\\/de\\\/tochni-taverne-menu\\\/\",\"name\":\"Tochni Taverne Men\u00fc\",\"isPartOf\":{\"@id\":\"https:\\\/\\\/www.tochnitavern.com\\\/de\\\/#website\"},\"primaryImageOfPage\":{\"@id\":\"https:\\\/\\\/www.tochnitavern.com\\\/de\\\/tochni-taverne-menu\\\/#primaryimage\"},\"image\":{\"@id\":\"https:\\\/\\\/www.tochnitavern.com\\\/de\\\/tochni-taverne-menu\\\/#primaryimage\"},\"thumbnailUrl\":\"https:\\\/\\\/www.tochnitavern.com\\\/wp-content\\\/uploads\\\/2025\\\/05\\\/Tochni-Tavern-Menu_2025_page-0001.jpg\",\"datePublished\":\"2025-05-07T16:02:29+00:00\",\"dateModified\":\"2026-02-19T13:43:37+00:00\",\"description\":\"Willkommen in der Tochni Taverne, wo jeder Gast zur Familie geh\u00f6rt. St\u00f6bern Sie in unserer Speisekarte und erleben Sie die zypriotische K\u00fcche.\",\"breadcrumb\":{\"@id\":\"https:\\\/\\\/www.tochnitavern.com\\\/de\\\/tochni-taverne-menu\\\/#breadcrumb\"},\"inLanguage\":\"de\",\"potentialAction\":[{\"@type\":\"ReadAction\",\"target\":[\"https:\\\/\\\/www.tochnitavern.com\\\/de\\\/tochni-taverne-menu\\\/\"]}]},{\"@type\":\"ImageObject\",\"inLanguage\":\"de\",\"@id\":\"https:\\\/\\\/www.tochnitavern.com\\\/de\\\/tochni-taverne-menu\\\/#primaryimage\",\"url\":\"https:\\\/\\\/www.tochnitavern.com\\\/wp-content\\\/uploads\\\/2025\\\/05\\\/Tochni-Tavern-Menu_2025_page-0001.jpg\",\"contentUrl\":\"https:\\\/\\\/www.tochnitavern.com\\\/wp-content\\\/uploads\\\/2025\\\/05\\\/Tochni-Tavern-Menu_2025_page-0001.jpg\",\"width\":1650,\"height\":2550},{\"@type\":\"BreadcrumbList\",\"@id\":\"https:\\\/\\\/www.tochnitavern.com\\\/de\\\/tochni-taverne-menu\\\/#breadcrumb\",\"itemListElement\":[{\"@type\":\"ListItem\",\"position\":1,\"name\":\"Home\",\"item\":\"https:\\\/\\\/www.tochnitavern.com\\\/de\\\/home\\\/\"},{\"@type\":\"ListItem\",\"position\":2,\"name\":\"Tochni Taverne Men\u00fc\"}]},{\"@type\":\"WebSite\",\"@id\":\"https:\\\/\\\/www.tochnitavern.com\\\/de\\\/#website\",\"url\":\"https:\\\/\\\/www.tochnitavern.com\\\/de\\\/\",\"name\":\"Tochni Tavern\",\"description\":\"Traditional Cypriot Cuisine with a Modern Approach\",\"publisher\":{\"@id\":\"https:\\\/\\\/www.tochnitavern.com\\\/de\\\/#organization\"},\"potentialAction\":[{\"@type\":\"SearchAction\",\"target\":{\"@type\":\"EntryPoint\",\"urlTemplate\":\"https:\\\/\\\/www.tochnitavern.com\\\/de\\\/?s={search_term_string}\"},\"query-input\":{\"@type\":\"PropertyValueSpecification\",\"valueRequired\":true,\"valueName\":\"search_term_string\"}}],\"inLanguage\":\"de\"},{\"@type\":\"Organization\",\"@id\":\"https:\\\/\\\/www.tochnitavern.com\\\/de\\\/#organization\",\"name\":\"Tochni Tavern\",\"url\":\"https:\\\/\\\/www.tochnitavern.com\\\/de\\\/\",\"logo\":{\"@type\":\"ImageObject\",\"inLanguage\":\"de\",\"@id\":\"https:\\\/\\\/www.tochnitavern.com\\\/de\\\/#\\\/schema\\\/logo\\\/image\\\/\",\"url\":\"https:\\\/\\\/www.tochnitavern.com\\\/wp-content\\\/uploads\\\/2023\\\/05\\\/TOCHNI-TAVERN-4-e1684927601971.png\",\"contentUrl\":\"https:\\\/\\\/www.tochnitavern.com\\\/wp-content\\\/uploads\\\/2023\\\/05\\\/TOCHNI-TAVERN-4-e1684927601971.png\",\"width\":1563,\"height\":500,\"caption\":\"Tochni Tavern\"},\"image\":{\"@id\":\"https:\\\/\\\/www.tochnitavern.com\\\/de\\\/#\\\/schema\\\/logo\\\/image\\\/\"},\"sameAs\":[\"https:\\\/\\\/www.facebook.com\\\/CyprusVillages.TochniTaverna\\\/\"]}]}<\/script>\n<!-- \/ Yoast SEO plugin. -->","yoast_head_json":{"title":"Tochni Taverne Men\u00fc","description":"Willkommen in der Tochni Taverne, wo jeder Gast zur Familie geh\u00f6rt. St\u00f6bern Sie in unserer Speisekarte und erleben Sie die zypriotische K\u00fcche.","robots":{"index":"index","follow":"follow","max-snippet":"max-snippet:-1","max-image-preview":"max-image-preview:large","max-video-preview":"max-video-preview:-1"},"canonical":"https:\/\/www.tochnitavern.com\/de\/tochni-taverne-menu\/","og_locale":"de_DE","og_type":"article","og_title":"Tochni Taverne Men\u00fc","og_description":"Willkommen in der Tochni Taverne, wo jeder Gast zur Familie geh\u00f6rt. St\u00f6bern Sie in unserer Speisekarte und erleben Sie die zypriotische K\u00fcche.","og_url":"https:\/\/www.tochnitavern.com\/de\/tochni-taverne-menu\/","og_site_name":"Tochni Tavern","article_publisher":"https:\/\/www.facebook.com\/CyprusVillages.TochniTaverna\/","article_modified_time":"2026-02-19T13:43:37+00:00","og_image":[{"width":1650,"height":2550,"url":"https:\/\/www.tochnitavern.com\/wp-content\/uploads\/2025\/05\/Tochni-Tavern-Menu_2025_page-0001.jpg","type":"image\/jpeg"}],"twitter_card":"summary_large_image","schema":{"@context":"https:\/\/schema.org","@graph":[{"@type":"WebPage","@id":"https:\/\/www.tochnitavern.com\/de\/tochni-taverne-menu\/","url":"https:\/\/www.tochnitavern.com\/de\/tochni-taverne-menu\/","name":"Tochni Taverne Men\u00fc","isPartOf":{"@id":"https:\/\/www.tochnitavern.com\/de\/#website"},"primaryImageOfPage":{"@id":"https:\/\/www.tochnitavern.com\/de\/tochni-taverne-menu\/#primaryimage"},"image":{"@id":"https:\/\/www.tochnitavern.com\/de\/tochni-taverne-menu\/#primaryimage"},"thumbnailUrl":"https:\/\/www.tochnitavern.com\/wp-content\/uploads\/2025\/05\/Tochni-Tavern-Menu_2025_page-0001.jpg","datePublished":"2025-05-07T16:02:29+00:00","dateModified":"2026-02-19T13:43:37+00:00","description":"Willkommen in der Tochni Taverne, wo jeder Gast zur Familie geh\u00f6rt. St\u00f6bern Sie in unserer Speisekarte und erleben Sie die zypriotische K\u00fcche.","breadcrumb":{"@id":"https:\/\/www.tochnitavern.com\/de\/tochni-taverne-menu\/#breadcrumb"},"inLanguage":"de","potentialAction":[{"@type":"ReadAction","target":["https:\/\/www.tochnitavern.com\/de\/tochni-taverne-menu\/"]}]},{"@type":"ImageObject","inLanguage":"de","@id":"https:\/\/www.tochnitavern.com\/de\/tochni-taverne-menu\/#primaryimage","url":"https:\/\/www.tochnitavern.com\/wp-content\/uploads\/2025\/05\/Tochni-Tavern-Menu_2025_page-0001.jpg","contentUrl":"https:\/\/www.tochnitavern.com\/wp-content\/uploads\/2025\/05\/Tochni-Tavern-Menu_2025_page-0001.jpg","width":1650,"height":2550},{"@type":"BreadcrumbList","@id":"https:\/\/www.tochnitavern.com\/de\/tochni-taverne-menu\/#breadcrumb","itemListElement":[{"@type":"ListItem","position":1,"name":"Home","item":"https:\/\/www.tochnitavern.com\/de\/home\/"},{"@type":"ListItem","position":2,"name":"Tochni Taverne Men\u00fc"}]},{"@type":"WebSite","@id":"https:\/\/www.tochnitavern.com\/de\/#website","url":"https:\/\/www.tochnitavern.com\/de\/","name":"Tochni Tavern","description":"Traditional Cypriot Cuisine with a Modern Approach","publisher":{"@id":"https:\/\/www.tochnitavern.com\/de\/#organization"},"potentialAction":[{"@type":"SearchAction","target":{"@type":"EntryPoint","urlTemplate":"https:\/\/www.tochnitavern.com\/de\/?s={search_term_string}"},"query-input":{"@type":"PropertyValueSpecification","valueRequired":true,"valueName":"search_term_string"}}],"inLanguage":"de"},{"@type":"Organization","@id":"https:\/\/www.tochnitavern.com\/de\/#organization","name":"Tochni Tavern","url":"https:\/\/www.tochnitavern.com\/de\/","logo":{"@type":"ImageObject","inLanguage":"de","@id":"https:\/\/www.tochnitavern.com\/de\/#\/schema\/logo\/image\/","url":"https:\/\/www.tochnitavern.com\/wp-content\/uploads\/2023\/05\/TOCHNI-TAVERN-4-e1684927601971.png","contentUrl":"https:\/\/www.tochnitavern.com\/wp-content\/uploads\/2023\/05\/TOCHNI-TAVERN-4-e1684927601971.png","width":1563,"height":500,"caption":"Tochni Tavern"},"image":{"@id":"https:\/\/www.tochnitavern.com\/de\/#\/schema\/logo\/image\/"},"sameAs":["https:\/\/www.facebook.com\/CyprusVillages.TochniTaverna\/"]}]}},"_links":{"self":[{"href":"https:\/\/www.tochnitavern.com\/de\/wp-json\/wp\/v2\/pages\/3339","targetHints":{"allow":["GET"]}}],"collection":[{"href":"https:\/\/www.tochnitavern.com\/de\/wp-json\/wp\/v2\/pages"}],"about":[{"href":"https:\/\/www.tochnitavern.com\/de\/wp-json\/wp\/v2\/types\/page"}],"author":[{"embeddable":true,"href":"https:\/\/www.tochnitavern.com\/de\/wp-json\/wp\/v2\/users\/2"}],"replies":[{"embeddable":true,"href":"https:\/\/www.tochnitavern.com\/de\/wp-json\/wp\/v2\/comments?post=3339"}],"version-history":[{"count":6,"href":"https:\/\/www.tochnitavern.com\/de\/wp-json\/wp\/v2\/pages\/3339\/revisions"}],"predecessor-version":[{"id":4383,"href":"https:\/\/www.tochnitavern.com\/de\/wp-json\/wp\/v2\/pages\/3339\/revisions\/4383"}],"wp:featuredmedia":[{"embeddable":true,"href":"https:\/\/www.tochnitavern.com\/de\/wp-json\/wp\/v2\/media\/3224"}],"wp:attachment":[{"href":"https:\/\/www.tochnitavern.com\/de\/wp-json\/wp\/v2\/media?parent=3339"}],"curies":[{"name":"wp","href":"https:\/\/api.w.org\/{rel}","templated":true}]}}