{"id":1327,"date":"2023-09-06T08:23:14","date_gmt":"2023-09-06T08:23:14","guid":{"rendered":"https:\/\/www.tochnitavern.com\/entdecken-sie-das-dorf-tochni-die-kleine-toskana-von-zypern\/"},"modified":"2024-07-31T17:59:26","modified_gmt":"2024-07-31T17:59:26","slug":"entdecken-sie-das-dorf-tochni-die-kleine-toskana-von-zypern","status":"publish","type":"page","link":"https:\/\/www.tochnitavern.com\/de\/entdecken-sie-das-dorf-tochni-die-kleine-toskana-von-zypern\/","title":{"rendered":"Entdecken Sie das Dorf Tochni &#8211; die kleine Toskana von Zypern"},"content":{"rendered":"\t\t<div data-elementor-type=\"wp-page\" data-elementor-id=\"1327\" class=\"elementor elementor-1327 elementor-960\" data-elementor-post-type=\"page\">\n\t\t\t\t<div class=\"elementor-element elementor-element-6846a87a e-con-full e-flex e-con e-parent\" data-id=\"6846a87a\" data-element_type=\"container\" data-e-type=\"container\" data-settings=\"{&quot;background_background&quot;:&quot;classic&quot;}\">\n\t\t<div class=\"elementor-element elementor-element-1a9c04e7 e-con-full e-flex e-con e-child\" data-id=\"1a9c04e7\" data-element_type=\"container\" data-e-type=\"container\">\n\t\t\t\t<div class=\"elementor-element elementor-element-c441a21 elementor-widget elementor-widget-heading\" data-id=\"c441a21\" data-element_type=\"widget\" data-e-type=\"widget\" data-widget_type=\"heading.default\">\n\t\t\t\t<div class=\"elementor-widget-container\">\n\t\t\t\t\t<h2 class=\"elementor-heading-title elementor-size-default\">Entdecken Sie Tochni,  <br>Die kleine Toskana von Zypern<\/h2>\t\t\t\t<\/div>\n\t\t\t\t<\/div>\n\t\t\t\t<div class=\"elementor-element elementor-element-3551f1de elementor-widget elementor-widget-heading\" data-id=\"3551f1de\" data-element_type=\"widget\" data-e-type=\"widget\" data-widget_type=\"heading.default\">\n\t\t\t\t<div class=\"elementor-widget-container\">\n\t\t\t\t\t<h3 class=\"elementor-heading-title elementor-size-default\">Das Dorf Tochni wird oft als die kleine Toskana von Zypern bezeichnet. Lesen Sie unten mehr \u00fcber das Dorf.<\/h3>\t\t\t\t<\/div>\n\t\t\t\t<\/div>\n\t\t\t\t<\/div>\n\t\t<div class=\"elementor-element elementor-element-2baf644 e-con-full e-flex e-con e-child\" data-id=\"2baf644\" data-element_type=\"container\" data-e-type=\"container\" data-settings=\"{&quot;background_background&quot;:&quot;classic&quot;}\">\n\t\t\t\t<\/div>\n\t\t\t\t<\/div>\n\t\t<div class=\"elementor-element elementor-element-25a0867e e-con-full e-flex e-con e-parent\" data-id=\"25a0867e\" data-element_type=\"container\" data-e-type=\"container\" data-settings=\"{&quot;background_background&quot;:&quot;classic&quot;}\">\n\t\t<div class=\"elementor-element elementor-element-192bea92 e-con-full e-flex e-con e-child\" data-id=\"192bea92\" data-element_type=\"container\" data-e-type=\"container\">\n\t\t\t\t<div class=\"elementor-element elementor-element-5b258b19 elementor-widget elementor-widget-heading\" data-id=\"5b258b19\" data-element_type=\"widget\" data-e-type=\"widget\" data-widget_type=\"heading.default\">\n\t\t\t\t<div class=\"elementor-widget-container\">\n\t\t\t\t\t<h2 class=\"elementor-heading-title elementor-size-default\">Tochni<\/h2>\t\t\t\t<\/div>\n\t\t\t\t<\/div>\n\t\t\t\t<div class=\"elementor-element elementor-element-5ce1008f elementor-widget elementor-widget-heading\" data-id=\"5ce1008f\" data-element_type=\"widget\" data-e-type=\"widget\" data-widget_type=\"heading.default\">\n\t\t\t\t<div class=\"elementor-widget-container\">\n\t\t\t\t\t<h3 class=\"elementor-heading-title elementor-size-default\">Die kleine Toskana von Zypern.<\/h3>\t\t\t\t<\/div>\n\t\t\t\t<\/div>\n\t\t\t\t<div class=\"elementor-element elementor-element-2fe989a elementor-widget elementor-widget-text-editor\" data-id=\"2fe989a\" data-element_type=\"widget\" data-e-type=\"widget\" data-widget_type=\"text-editor.default\">\n\t\t\t\t<div class=\"elementor-widget-container\">\n\t\t\t\t\t\t\t\t\t<p class=\"p1\">Eingebettet im Herzen Zyperns, lockt das charmante Dorf Tochni mit seinem rustikalen Charme und mediterranem Zauber. Tochni wird oft als die &#8222;kleine Toskana Zyperns&#8220; bezeichnet und verzaubert Besucher mit seinen sanften H\u00fcgeln, goldfarbenen Steinh\u00e4usern und einer ruhigen Atmosph\u00e4re, die Sie in eine andere Zeit versetzt.<\/p>\n<p class=\"p1\">Wenn Sie durch die kopfsteingepflasterten Stra\u00dfen von Tochni schlendern, werden Sie eine malerische Landschaft vorfinden, die die Sch\u00f6nheit der italienischen Region Toskana widerspiegelt. Olivenb\u00e4ume fl\u00fcstern in der sanften Brise, und die pulsierenden Bougainvilleas malen das Dorf in leuchtenden Farben. Das Dorf strahlt einen zeitlosen Charme aus, der Reisende, die ein authentisches mediterranes Erlebnis suchen, in seinen Bann zieht.<\/p>\n\t\t\t\t\t\t\t\t<\/div>\n\t\t\t\t<\/div>\n\t\t\t\t<div class=\"elementor-element elementor-element-4617fcc4 elementor-widget elementor-widget-image\" data-id=\"4617fcc4\" data-element_type=\"widget\" data-e-type=\"widget\" data-widget_type=\"image.default\">\n\t\t\t\t<div class=\"elementor-widget-container\">\n\t\t\t\t\t\t\t\t\t\t\t\t\t\t\t<img fetchpriority=\"high\" decoding=\"async\" width=\"800\" height=\"527\" src=\"https:\/\/www.tochnitavern.com\/wp-content\/uploads\/2023\/09\/Copy-of-_DCM2005-1024x674.jpg\" class=\"attachment-large size-large wp-image-1336\" alt=\"\" srcset=\"https:\/\/www.tochnitavern.com\/wp-content\/uploads\/2023\/09\/Copy-of-_DCM2005-1024x674.jpg 1024w, https:\/\/www.tochnitavern.com\/wp-content\/uploads\/2023\/09\/Copy-of-_DCM2005-300x198.jpg 300w, https:\/\/www.tochnitavern.com\/wp-content\/uploads\/2023\/09\/Copy-of-_DCM2005-768x506.jpg 768w, https:\/\/www.tochnitavern.com\/wp-content\/uploads\/2023\/09\/Copy-of-_DCM2005-1536x1011.jpg 1536w, https:\/\/www.tochnitavern.com\/wp-content\/uploads\/2023\/09\/Copy-of-_DCM2005-2048x1349.jpg 2048w, https:\/\/www.tochnitavern.com\/wp-content\/uploads\/2023\/09\/Copy-of-_DCM2005-600x395.jpg 600w\" sizes=\"(max-width: 800px) 100vw, 800px\" \/>\t\t\t\t\t\t\t\t\t\t\t\t\t\t\t<\/div>\n\t\t\t\t<\/div>\n\t\t\t\t<\/div>\n\t\t<div class=\"elementor-element elementor-element-7f8efc6 e-con-full e-flex e-con e-child\" data-id=\"7f8efc6\" data-element_type=\"container\" data-e-type=\"container\" data-settings=\"{&quot;background_background&quot;:&quot;classic&quot;}\">\n\t\t\t\t<\/div>\n\t\t\t\t<\/div>\n\t\t<div class=\"elementor-element elementor-element-ada19fc e-con-full e-flex e-con e-parent\" data-id=\"ada19fc\" data-element_type=\"container\" data-e-type=\"container\" data-settings=\"{&quot;background_background&quot;:&quot;classic&quot;}\">\n\t\t<div class=\"elementor-element elementor-element-2e5ad12 e-con-full e-flex e-con e-child\" data-id=\"2e5ad12\" data-element_type=\"container\" data-e-type=\"container\">\n\t\t\t\t<div class=\"elementor-element elementor-element-dddd855 elementor-widget elementor-widget-text-editor\" data-id=\"dddd855\" data-element_type=\"widget\" data-e-type=\"widget\" data-widget_type=\"text-editor.default\">\n\t\t\t\t<div class=\"elementor-widget-container\">\n\t\t\t\t\t\t\t\t\t<p class=\"p1\">Die historische Architektur von Tochni mit ihren sonnengek\u00fcssten Fassaden und malerischen Innenh\u00f6fen l\u00e4dt Sie ein, das reiche Erbe der Stadt zu entdecken. Entdecken Sie verborgene Sch\u00e4tze in den familiengef\u00fchrten Restaurants wie der Tochni Tavern und genie\u00dfen Sie die traditionelle zypriotische K\u00fcche und lassen Sie sich von der herzlichen Gastfreundschaft der Einheimischen verw\u00f6hnen.<\/p>\n<p class=\"p1\">Wenn die Sonne unter den Horizont sinkt, erstrahlt die ruhige Atmosph\u00e4re von Tochni in einem romantischen Glanz. Die sternenklaren N\u00e4chte in dieser kleinen Toskana Zyperns sind eine Einladung, Momente der Ruhe und Verbundenheit zu genie\u00dfen.<\/p>\n<p class=\"p1\">Ob Sie nun eine romantische Flucht, ein kulturelles Abenteuer oder einfach nur den mediterranen Traum erleben m\u00f6chten, Tochni empf\u00e4ngt Sie mit offenen Armen. Erleben Sie den Zauber Zyperns in diesem idyllischen Dorf &#8211; ein wahres Juwel im Herzen der rustikalen Sch\u00f6nheit der Insel.<\/p>\n\t\t\t\t\t\t\t\t<\/div>\n\t\t\t\t<\/div>\n\t\t\t\t<div class=\"elementor-element elementor-element-df6e990 elementor-widget elementor-widget-image\" data-id=\"df6e990\" data-element_type=\"widget\" data-e-type=\"widget\" data-widget_type=\"image.default\">\n\t\t\t\t<div class=\"elementor-widget-container\">\n\t\t\t\t\t\t\t\t\t\t\t\t\t\t\t<img decoding=\"async\" width=\"768\" height=\"1024\" src=\"https:\/\/www.tochnitavern.com\/wp-content\/uploads\/2023\/09\/cyprus-3426501_1920-768x1024.jpg\" class=\"attachment-medium_large size-medium_large wp-image-1343\" alt=\"\" srcset=\"https:\/\/www.tochnitavern.com\/wp-content\/uploads\/2023\/09\/cyprus-3426501_1920-768x1024.jpg 768w, https:\/\/www.tochnitavern.com\/wp-content\/uploads\/2023\/09\/cyprus-3426501_1920-225x300.jpg 225w, https:\/\/www.tochnitavern.com\/wp-content\/uploads\/2023\/09\/cyprus-3426501_1920-1152x1536.jpg 1152w, https:\/\/www.tochnitavern.com\/wp-content\/uploads\/2023\/09\/cyprus-3426501_1920-450x600.jpg 450w, https:\/\/www.tochnitavern.com\/wp-content\/uploads\/2023\/09\/cyprus-3426501_1920.jpg 1440w\" sizes=\"(max-width: 768px) 100vw, 768px\" \/>\t\t\t\t\t\t\t\t\t\t\t\t\t\t\t<\/div>\n\t\t\t\t<\/div>\n\t\t\t\t<\/div>\n\t\t<div class=\"elementor-element elementor-element-9491c32 e-con-full e-flex e-con e-child\" data-id=\"9491c32\" data-element_type=\"container\" data-e-type=\"container\" data-settings=\"{&quot;background_background&quot;:&quot;classic&quot;}\">\n\t\t\t\t<\/div>\n\t\t\t\t<\/div>\n\t\t<div class=\"elementor-element elementor-element-239574ad e-con-full e-flex e-con e-parent\" data-id=\"239574ad\" data-element_type=\"container\" data-e-type=\"container\" data-settings=\"{&quot;background_background&quot;:&quot;classic&quot;}\">\n\t\t<div class=\"elementor-element elementor-element-6daef7c0 e-con-full e-flex e-con e-child\" data-id=\"6daef7c0\" data-element_type=\"container\" data-e-type=\"container\" data-settings=\"{&quot;background_background&quot;:&quot;classic&quot;}\">\n\t\t\t\t<\/div>\n\t\t<div class=\"elementor-element elementor-element-5df318b3 e-con-full e-flex e-con e-child\" data-id=\"5df318b3\" data-element_type=\"container\" data-e-type=\"container\">\n\t\t<div class=\"elementor-element elementor-element-37ac552f e-con-full e-flex e-con e-child\" data-id=\"37ac552f\" data-element_type=\"container\" data-e-type=\"container\">\n\t\t\t\t<div class=\"elementor-element elementor-element-3ba8ddbb elementor-widget elementor-widget-heading\" data-id=\"3ba8ddbb\" data-element_type=\"widget\" data-e-type=\"widget\" data-widget_type=\"heading.default\">\n\t\t\t\t<div class=\"elementor-widget-container\">\n\t\t\t\t\t<h2 class=\"elementor-heading-title elementor-size-default\">Taverne Tochni  <\/h2>\t\t\t\t<\/div>\n\t\t\t\t<\/div>\n\t\t\t\t<div class=\"elementor-element elementor-element-532e5d3a elementor-widget elementor-widget-text-editor\" data-id=\"532e5d3a\" data-element_type=\"widget\" data-e-type=\"widget\" data-widget_type=\"text-editor.default\">\n\t\t\t\t<div class=\"elementor-widget-container\">\n\t\t\t\t\t\t\t\t\t<p>Unser familiengef\u00fchrtes Restaurant mit Blick auf das sch\u00f6ne Dorf bietet k\u00f6stliche zypriotische K\u00fcche und erfrischende Getr\u00e4nke<\/p>\n\t\t\t\t\t\t\t\t<\/div>\n\t\t\t\t<\/div>\n\t\t\t\t<\/div>\n\t\t<div class=\"elementor-element elementor-element-2d150078 e-con-full e-flex e-con e-child\" data-id=\"2d150078\" data-element_type=\"container\" data-e-type=\"container\">\n\t\t\t\t<div class=\"elementor-element elementor-element-1d246cd5 elementor-tablet-align-justify elementor-mobile-align-justify elementor-widget-tablet__width-inherit elementor-align-justify elementor-widget__width-initial elementor-widget elementor-widget-button\" data-id=\"1d246cd5\" data-element_type=\"widget\" data-e-type=\"widget\" data-widget_type=\"button.default\">\n\t\t\t\t<div class=\"elementor-widget-container\">\n\t\t\t\t\t\t\t\t\t<div class=\"elementor-button-wrapper\">\n\t\t\t\t\t<a class=\"elementor-button elementor-button-link elementor-size-lg\" href=\"https:\/\/www.tochnitavern.com\/de\/\">\n\t\t\t\t\t\t<span class=\"elementor-button-content-wrapper\">\n\t\t\t\t\t\t\t\t\t<span class=\"elementor-button-text\">Homepage<\/span>\n\t\t\t\t\t<\/span>\n\t\t\t\t\t<\/a>\n\t\t\t\t<\/div>\n\t\t\t\t\t\t\t\t<\/div>\n\t\t\t\t<\/div>\n\t\t\t\t<div class=\"elementor-element elementor-element-2eadae3f elementor-tablet-align-justify elementor-mobile-align-justify elementor-widget-tablet__width-inherit elementor-align-justify elementor-widget__width-initial elementor-widget elementor-widget-button\" data-id=\"2eadae3f\" data-element_type=\"widget\" data-e-type=\"widget\" data-widget_type=\"button.default\">\n\t\t\t\t<div class=\"elementor-widget-container\">\n\t\t\t\t\t\t\t\t\t<div class=\"elementor-button-wrapper\">\n\t\t\t\t\t<a class=\"elementor-button elementor-button-link elementor-size-lg\" href=\"tel:0035799563299\">\n\t\t\t\t\t\t<span class=\"elementor-button-content-wrapper\">\n\t\t\t\t\t\t\t\t\t<span class=\"elementor-button-text\">Rufen Sie uns an!<\/span>\n\t\t\t\t\t<\/span>\n\t\t\t\t\t<\/a>\n\t\t\t\t<\/div>\n\t\t\t\t\t\t\t\t<\/div>\n\t\t\t\t<\/div>\n\t\t\t\t<\/div>\n\t\t\t\t<\/div>\n\t\t<div class=\"elementor-element elementor-element-74f6c231 e-con-full e-flex e-con e-child\" data-id=\"74f6c231\" data-element_type=\"container\" data-e-type=\"container\" data-settings=\"{&quot;background_background&quot;:&quot;classic&quot;}\">\n\t\t\t\t<\/div>\n\t\t\t\t<\/div>\n\t\t\t\t<\/div>\n\t\t","protected":false},"excerpt":{"rendered":"<p>Entdecken Sie Tochni, Die kleine Toskana von Zypern Das Dorf Tochni wird oft als die kleine Toskana von Zypern bezeichnet. Lesen Sie unten mehr \u00fcber das Dorf. Tochni Die kleine Toskana von Zypern. Eingebettet im Herzen Zyperns, lockt das charmante Dorf Tochni mit seinem rustikalen Charme und mediterranem Zauber. Tochni wird oft als die &#8222;kleine [&hellip;]<\/p>\n","protected":false},"author":2,"featured_media":1341,"parent":0,"menu_order":0,"comment_status":"closed","ping_status":"closed","template":"","meta":{"footnotes":""},"class_list":["post-1327","page","type-page","status-publish","has-post-thumbnail","hentry"],"yoast_head":"<!-- This site is optimized with the Yoast SEO plugin v27.4 - https:\/\/yoast.com\/product\/yoast-seo-wordpress\/ -->\n<title>Entdecken Sie das Dorf Tochni - die kleine Toskana von Zypern - Tochni Tavern<\/title>\n<meta name=\"description\" content=\"Eingebettet im Herzen Zyperns, lockt das charmante Dorf Tochni mit seinem rustikalen Charme und mediterranem Zauber.\" \/>\n<meta name=\"robots\" content=\"index, follow, max-snippet:-1, max-image-preview:large, max-video-preview:-1\" \/>\n<link rel=\"canonical\" href=\"https:\/\/www.tochnitavern.com\/de\/entdecken-sie-das-dorf-tochni-die-kleine-toskana-von-zypern\/\" \/>\n<meta property=\"og:locale\" content=\"de_DE\" \/>\n<meta property=\"og:type\" content=\"article\" \/>\n<meta property=\"og:title\" content=\"Entdecken Sie das Dorf Tochni - die kleine Toskana von Zypern - Tochni Tavern\" \/>\n<meta property=\"og:description\" content=\"Eingebettet im Herzen Zyperns, lockt das charmante Dorf Tochni mit seinem rustikalen Charme und mediterranem Zauber.\" \/>\n<meta property=\"og:url\" content=\"https:\/\/www.tochnitavern.com\/de\/entdecken-sie-das-dorf-tochni-die-kleine-toskana-von-zypern\/\" \/>\n<meta property=\"og:site_name\" content=\"Tochni Tavern\" \/>\n<meta property=\"article:publisher\" content=\"https:\/\/www.facebook.com\/CyprusVillages.TochniTaverna\/\" \/>\n<meta property=\"article:modified_time\" content=\"2024-07-31T17:59:26+00:00\" \/>\n<meta property=\"og:image\" content=\"https:\/\/www.tochnitavern.com\/wp-content\/uploads\/2023\/09\/DCM1890-3-scaled.jpg\" \/>\n\t<meta property=\"og:image:width\" content=\"2560\" \/>\n\t<meta property=\"og:image:height\" content=\"1639\" \/>\n\t<meta property=\"og:image:type\" content=\"image\/jpeg\" \/>\n<meta name=\"twitter:card\" content=\"summary_large_image\" \/>\n<meta name=\"twitter:label1\" content=\"Gesch\u00e4tzte Lesezeit\" \/>\n\t<meta name=\"twitter:data1\" content=\"2\u00a0Minuten\" \/>\n<script type=\"application\/ld+json\" class=\"yoast-schema-graph\">{\"@context\":\"https:\\\/\\\/schema.org\",\"@graph\":[{\"@type\":\"WebPage\",\"@id\":\"https:\\\/\\\/www.tochnitavern.com\\\/de\\\/entdecken-sie-das-dorf-tochni-die-kleine-toskana-von-zypern\\\/\",\"url\":\"https:\\\/\\\/www.tochnitavern.com\\\/de\\\/entdecken-sie-das-dorf-tochni-die-kleine-toskana-von-zypern\\\/\",\"name\":\"Entdecken Sie das Dorf Tochni - die kleine Toskana von Zypern - Tochni Tavern\",\"isPartOf\":{\"@id\":\"https:\\\/\\\/www.tochnitavern.com\\\/de\\\/#website\"},\"primaryImageOfPage\":{\"@id\":\"https:\\\/\\\/www.tochnitavern.com\\\/de\\\/entdecken-sie-das-dorf-tochni-die-kleine-toskana-von-zypern\\\/#primaryimage\"},\"image\":{\"@id\":\"https:\\\/\\\/www.tochnitavern.com\\\/de\\\/entdecken-sie-das-dorf-tochni-die-kleine-toskana-von-zypern\\\/#primaryimage\"},\"thumbnailUrl\":\"https:\\\/\\\/www.tochnitavern.com\\\/wp-content\\\/uploads\\\/2023\\\/09\\\/DCM1890-3-scaled.jpg\",\"datePublished\":\"2023-09-06T08:23:14+00:00\",\"dateModified\":\"2024-07-31T17:59:26+00:00\",\"description\":\"Eingebettet im Herzen Zyperns, lockt das charmante Dorf Tochni mit seinem rustikalen Charme und mediterranem Zauber.\",\"breadcrumb\":{\"@id\":\"https:\\\/\\\/www.tochnitavern.com\\\/de\\\/entdecken-sie-das-dorf-tochni-die-kleine-toskana-von-zypern\\\/#breadcrumb\"},\"inLanguage\":\"de\",\"potentialAction\":[{\"@type\":\"ReadAction\",\"target\":[\"https:\\\/\\\/www.tochnitavern.com\\\/de\\\/entdecken-sie-das-dorf-tochni-die-kleine-toskana-von-zypern\\\/\"]}]},{\"@type\":\"ImageObject\",\"inLanguage\":\"de\",\"@id\":\"https:\\\/\\\/www.tochnitavern.com\\\/de\\\/entdecken-sie-das-dorf-tochni-die-kleine-toskana-von-zypern\\\/#primaryimage\",\"url\":\"https:\\\/\\\/www.tochnitavern.com\\\/wp-content\\\/uploads\\\/2023\\\/09\\\/DCM1890-3-scaled.jpg\",\"contentUrl\":\"https:\\\/\\\/www.tochnitavern.com\\\/wp-content\\\/uploads\\\/2023\\\/09\\\/DCM1890-3-scaled.jpg\",\"width\":2560,\"height\":1639},{\"@type\":\"BreadcrumbList\",\"@id\":\"https:\\\/\\\/www.tochnitavern.com\\\/de\\\/entdecken-sie-das-dorf-tochni-die-kleine-toskana-von-zypern\\\/#breadcrumb\",\"itemListElement\":[{\"@type\":\"ListItem\",\"position\":1,\"name\":\"Home\",\"item\":\"https:\\\/\\\/www.tochnitavern.com\\\/de\\\/home\\\/\"},{\"@type\":\"ListItem\",\"position\":2,\"name\":\"Entdecken Sie das Dorf Tochni &#8211; die kleine Toskana von Zypern\"}]},{\"@type\":\"WebSite\",\"@id\":\"https:\\\/\\\/www.tochnitavern.com\\\/de\\\/#website\",\"url\":\"https:\\\/\\\/www.tochnitavern.com\\\/de\\\/\",\"name\":\"Tochni Tavern\",\"description\":\"Traditional Cypriot Cuisine with a Modern Approach\",\"publisher\":{\"@id\":\"https:\\\/\\\/www.tochnitavern.com\\\/de\\\/#organization\"},\"potentialAction\":[{\"@type\":\"SearchAction\",\"target\":{\"@type\":\"EntryPoint\",\"urlTemplate\":\"https:\\\/\\\/www.tochnitavern.com\\\/de\\\/?s={search_term_string}\"},\"query-input\":{\"@type\":\"PropertyValueSpecification\",\"valueRequired\":true,\"valueName\":\"search_term_string\"}}],\"inLanguage\":\"de\"},{\"@type\":\"Organization\",\"@id\":\"https:\\\/\\\/www.tochnitavern.com\\\/de\\\/#organization\",\"name\":\"Tochni Tavern\",\"url\":\"https:\\\/\\\/www.tochnitavern.com\\\/de\\\/\",\"logo\":{\"@type\":\"ImageObject\",\"inLanguage\":\"de\",\"@id\":\"https:\\\/\\\/www.tochnitavern.com\\\/de\\\/#\\\/schema\\\/logo\\\/image\\\/\",\"url\":\"https:\\\/\\\/www.tochnitavern.com\\\/wp-content\\\/uploads\\\/2023\\\/05\\\/TOCHNI-TAVERN-4-e1684927601971.png\",\"contentUrl\":\"https:\\\/\\\/www.tochnitavern.com\\\/wp-content\\\/uploads\\\/2023\\\/05\\\/TOCHNI-TAVERN-4-e1684927601971.png\",\"width\":1563,\"height\":500,\"caption\":\"Tochni Tavern\"},\"image\":{\"@id\":\"https:\\\/\\\/www.tochnitavern.com\\\/de\\\/#\\\/schema\\\/logo\\\/image\\\/\"},\"sameAs\":[\"https:\\\/\\\/www.facebook.com\\\/CyprusVillages.TochniTaverna\\\/\"]}]}<\/script>\n<!-- \/ Yoast SEO plugin. -->","yoast_head_json":{"title":"Entdecken Sie das Dorf Tochni - die kleine Toskana von Zypern - Tochni Tavern","description":"Eingebettet im Herzen Zyperns, lockt das charmante Dorf Tochni mit seinem rustikalen Charme und mediterranem Zauber.","robots":{"index":"index","follow":"follow","max-snippet":"max-snippet:-1","max-image-preview":"max-image-preview:large","max-video-preview":"max-video-preview:-1"},"canonical":"https:\/\/www.tochnitavern.com\/de\/entdecken-sie-das-dorf-tochni-die-kleine-toskana-von-zypern\/","og_locale":"de_DE","og_type":"article","og_title":"Entdecken Sie das Dorf Tochni - die kleine Toskana von Zypern - Tochni Tavern","og_description":"Eingebettet im Herzen Zyperns, lockt das charmante Dorf Tochni mit seinem rustikalen Charme und mediterranem Zauber.","og_url":"https:\/\/www.tochnitavern.com\/de\/entdecken-sie-das-dorf-tochni-die-kleine-toskana-von-zypern\/","og_site_name":"Tochni Tavern","article_publisher":"https:\/\/www.facebook.com\/CyprusVillages.TochniTaverna\/","article_modified_time":"2024-07-31T17:59:26+00:00","og_image":[{"width":2560,"height":1639,"url":"https:\/\/www.tochnitavern.com\/wp-content\/uploads\/2023\/09\/DCM1890-3-scaled.jpg","type":"image\/jpeg"}],"twitter_card":"summary_large_image","twitter_misc":{"Gesch\u00e4tzte Lesezeit":"2\u00a0Minuten"},"schema":{"@context":"https:\/\/schema.org","@graph":[{"@type":"WebPage","@id":"https:\/\/www.tochnitavern.com\/de\/entdecken-sie-das-dorf-tochni-die-kleine-toskana-von-zypern\/","url":"https:\/\/www.tochnitavern.com\/de\/entdecken-sie-das-dorf-tochni-die-kleine-toskana-von-zypern\/","name":"Entdecken Sie das Dorf Tochni - die kleine Toskana von Zypern - Tochni Tavern","isPartOf":{"@id":"https:\/\/www.tochnitavern.com\/de\/#website"},"primaryImageOfPage":{"@id":"https:\/\/www.tochnitavern.com\/de\/entdecken-sie-das-dorf-tochni-die-kleine-toskana-von-zypern\/#primaryimage"},"image":{"@id":"https:\/\/www.tochnitavern.com\/de\/entdecken-sie-das-dorf-tochni-die-kleine-toskana-von-zypern\/#primaryimage"},"thumbnailUrl":"https:\/\/www.tochnitavern.com\/wp-content\/uploads\/2023\/09\/DCM1890-3-scaled.jpg","datePublished":"2023-09-06T08:23:14+00:00","dateModified":"2024-07-31T17:59:26+00:00","description":"Eingebettet im Herzen Zyperns, lockt das charmante Dorf Tochni mit seinem rustikalen Charme und mediterranem Zauber.","breadcrumb":{"@id":"https:\/\/www.tochnitavern.com\/de\/entdecken-sie-das-dorf-tochni-die-kleine-toskana-von-zypern\/#breadcrumb"},"inLanguage":"de","potentialAction":[{"@type":"ReadAction","target":["https:\/\/www.tochnitavern.com\/de\/entdecken-sie-das-dorf-tochni-die-kleine-toskana-von-zypern\/"]}]},{"@type":"ImageObject","inLanguage":"de","@id":"https:\/\/www.tochnitavern.com\/de\/entdecken-sie-das-dorf-tochni-die-kleine-toskana-von-zypern\/#primaryimage","url":"https:\/\/www.tochnitavern.com\/wp-content\/uploads\/2023\/09\/DCM1890-3-scaled.jpg","contentUrl":"https:\/\/www.tochnitavern.com\/wp-content\/uploads\/2023\/09\/DCM1890-3-scaled.jpg","width":2560,"height":1639},{"@type":"BreadcrumbList","@id":"https:\/\/www.tochnitavern.com\/de\/entdecken-sie-das-dorf-tochni-die-kleine-toskana-von-zypern\/#breadcrumb","itemListElement":[{"@type":"ListItem","position":1,"name":"Home","item":"https:\/\/www.tochnitavern.com\/de\/home\/"},{"@type":"ListItem","position":2,"name":"Entdecken Sie das Dorf Tochni &#8211; die kleine Toskana von Zypern"}]},{"@type":"WebSite","@id":"https:\/\/www.tochnitavern.com\/de\/#website","url":"https:\/\/www.tochnitavern.com\/de\/","name":"Tochni Tavern","description":"Traditional Cypriot Cuisine with a Modern Approach","publisher":{"@id":"https:\/\/www.tochnitavern.com\/de\/#organization"},"potentialAction":[{"@type":"SearchAction","target":{"@type":"EntryPoint","urlTemplate":"https:\/\/www.tochnitavern.com\/de\/?s={search_term_string}"},"query-input":{"@type":"PropertyValueSpecification","valueRequired":true,"valueName":"search_term_string"}}],"inLanguage":"de"},{"@type":"Organization","@id":"https:\/\/www.tochnitavern.com\/de\/#organization","name":"Tochni Tavern","url":"https:\/\/www.tochnitavern.com\/de\/","logo":{"@type":"ImageObject","inLanguage":"de","@id":"https:\/\/www.tochnitavern.com\/de\/#\/schema\/logo\/image\/","url":"https:\/\/www.tochnitavern.com\/wp-content\/uploads\/2023\/05\/TOCHNI-TAVERN-4-e1684927601971.png","contentUrl":"https:\/\/www.tochnitavern.com\/wp-content\/uploads\/2023\/05\/TOCHNI-TAVERN-4-e1684927601971.png","width":1563,"height":500,"caption":"Tochni Tavern"},"image":{"@id":"https:\/\/www.tochnitavern.com\/de\/#\/schema\/logo\/image\/"},"sameAs":["https:\/\/www.facebook.com\/CyprusVillages.TochniTaverna\/"]}]}},"_links":{"self":[{"href":"https:\/\/www.tochnitavern.com\/de\/wp-json\/wp\/v2\/pages\/1327","targetHints":{"allow":["GET"]}}],"collection":[{"href":"https:\/\/www.tochnitavern.com\/de\/wp-json\/wp\/v2\/pages"}],"about":[{"href":"https:\/\/www.tochnitavern.com\/de\/wp-json\/wp\/v2\/types\/page"}],"author":[{"embeddable":true,"href":"https:\/\/www.tochnitavern.com\/de\/wp-json\/wp\/v2\/users\/2"}],"replies":[{"embeddable":true,"href":"https:\/\/www.tochnitavern.com\/de\/wp-json\/wp\/v2\/comments?post=1327"}],"version-history":[{"count":2,"href":"https:\/\/www.tochnitavern.com\/de\/wp-json\/wp\/v2\/pages\/1327\/revisions"}],"predecessor-version":[{"id":1630,"href":"https:\/\/www.tochnitavern.com\/de\/wp-json\/wp\/v2\/pages\/1327\/revisions\/1630"}],"wp:featuredmedia":[{"embeddable":true,"href":"https:\/\/www.tochnitavern.com\/de\/wp-json\/wp\/v2\/media\/1341"}],"wp:attachment":[{"href":"https:\/\/www.tochnitavern.com\/de\/wp-json\/wp\/v2\/media?parent=1327"}],"curies":[{"name":"wp","href":"https:\/\/api.w.org\/{rel}","templated":true}]}}